{"id":1277,"date":"2013-04-06T18:24:13","date_gmt":"2013-04-06T18:24:13","guid":{"rendered":"http:\/\/www.kriesi.at\/themes\/enfold\/?page_id=1277"},"modified":"2014-02-17T19:24:07","modified_gmt":"2014-02-17T19:24:07","slug":"faq","status":"publish","type":"page","link":"https:\/\/new.gefaehrdungsanalyse.org\/?page_id=1277","title":{"rendered":"H\u00e4ufige Fragen"},"content":{"rendered":"<div id='layer_slider_1'  class='avia-layerslider main_color avia-shadow  avia-builder-el-0  el_before_av_textblock  avia-builder-el-first  container_wrap sidebar_right' style='  height: 221px; max-width: 1140px; margin: 0 auto;' ><\/div><div id='after_layer_slider_1'  class='main_color av_default_container_wrap container_wrap sidebar_right' style=' '  ><div class='container' ><div class='template-page content  av-content-small alpha units'><div class='post-entry post-entry-type-page post-entry-1277'><div class='entry-content-wrapper clearfix'>\n<section class=\"av_textblock_section \"  itemscope=\"itemscope\" itemtype=\"https:\/\/schema.org\/CreativeWork\" ><div class='avia_textblock  '   itemprop=\"text\" ><h2>H\u00c4UFIGE FRAGEN<\/h2>\n<\/div><\/section>\n<div  class=\"togglecontainer   toggle_close_all  avia-builder-el-2  el_after_av_textblock  avia-builder-el-last \" ><div class='taglist'><a href=\"#\" data-tag=\"{All}\" class=\"activeFilter\">All<\/a><span class='tag-seperator'>\/<\/span><a href=\"#\" data-tag=\"{Legionellen}\" class=\"\">Legionellen<\/a><span class='tag-seperator'>\/<\/span><a href=\"#\" data-tag=\"{Trinkwasserverordnung}\" class=\"\">Trinkwasserverordnung<\/a><span class='tag-seperator'>\/<\/span><\/div>\n<section class=\"av_toggle_section\"  itemscope=\"itemscope\" itemtype=\"https:\/\/schema.org\/CreativeWork\"  >    <div role=\"tablist\" class=\"single_toggle\" data-tags=\"{All} {Legionellen} \"  >        <p data-fake-id=\"#toggle-id-1\" class=\"toggler \"  itemprop=\"headline\"    role=\"tab\" tabindex=\"0\" aria-controls=\"toggle-id-1-container\">Wie infiziert man sich an Legionellen?<span class=\"toggle_icon\" >        <span class=\"vert_icon\"><\/span><span class=\"hor_icon\"><\/span><\/span><\/p>        <div id=\"toggle-id-1-container\" class=\"toggle_wrap \"  >            <div class=\"toggle_content invers-color \"  itemprop=\"text\"   ><p>Grunds\u00e4tzlich \u00fcber das Einatmen von sogenannten Aerosolen aus dem Wasser. Derartige Aerosole entstehen beim Duschen (Dampf) und bei anderen Entnahmequellen (Wasserhahn).Aerosole k\u00f6nnen aber auch an vielen anderen Stellen auftreten: Oberfl\u00e4che in Schwimmbecken, Whirpools, Waschhallen usw. Eine \u00dcbertragung von Mensch zu Mensch findet dagegen nicht statt bzw. ist weitgehend ausgeschlossen. Wundinfektionen sind \u00e4u\u00dferst selten und auch normales Essen und Trinken spielen keine Rolle. Nur wenn dabei erregerhaltiges Wasser versehentlich in die Luftr\u00f6hre gelangt, k\u00f6nnen Infektionen entstehen.<\/p>\n            <\/div>        <\/div>    <\/div><\/section>\n<section class=\"av_toggle_section\"  itemscope=\"itemscope\" itemtype=\"https:\/\/schema.org\/CreativeWork\"  >    <div role=\"tablist\" class=\"single_toggle\" data-tags=\"{All} {Legionellen} \"  >        <p data-fake-id=\"#toggle-id-2\" class=\"toggler \"  itemprop=\"headline\"    role=\"tab\" tabindex=\"0\" aria-controls=\"toggle-id-2-container\">Welche Personengruppen haben ein erh\u00f6htes Infektionsrisiko?<span class=\"toggle_icon\" >        <span class=\"vert_icon\"><\/span><span class=\"hor_icon\"><\/span><\/span><\/p>        <div id=\"toggle-id-2-container\" class=\"toggle_wrap \"  >            <div class=\"toggle_content invers-color \"  itemprop=\"text\"   ><p>Raucher sowie Menschen mit geschw\u00e4chtem Immunsystem wie beispielsweise sind Diabetiker erh\u00f6ht betroffen. Auch \u00e4ltere Menschen sind gef\u00e4hrdeter als j\u00fcngere Generationen. Wobei der aktulle Zustand des Immunsystems von entscheidender Bedeutung ist. Ein geschw\u00e4chter junger Mensch (durch Krankheit, \u00dcberlastung durch Sport oder Stress) kann weit aus gef\u00e4hrdeter sein, wenn durch die Anstrengung\u00a0 sein Immunsystem angegriffen ist und er unter der Dusche einer h\u00f6heren Anzahl von Legionellen ausgesetzt wird. Allgemein erkranken M\u00e4nner mehr als doppelt so h\u00e4ufig wie Frauen. Kinder sind meist nur sehr selten betroffen und wesentlich immuner gegen den Krankheitserreger. Kleinkinder unter einem Jahr scheinen g\u00e4nzlich immun gegen Legionellen zu sein.<\/p>\n            <\/div>        <\/div>    <\/div><\/section>\n<section class=\"av_toggle_section\"  itemscope=\"itemscope\" itemtype=\"https:\/\/schema.org\/CreativeWork\"  >    <div role=\"tablist\" class=\"single_toggle\" data-tags=\"{All} {Legionellen} \"  >        <p data-fake-id=\"#toggle-id-3\" class=\"toggler \"  itemprop=\"headline\"    role=\"tab\" tabindex=\"0\" aria-controls=\"toggle-id-3-container\">Wie kommen Legionellen in die Hausinstallation?<span class=\"toggle_icon\" >        <span class=\"vert_icon\"><\/span><span class=\"hor_icon\"><\/span><\/span><\/p>        <div id=\"toggle-id-3-container\" class=\"toggle_wrap \"  >            <div class=\"toggle_content invers-color \"  itemprop=\"text\"   ><p>Ein Gro\u00dfteil der Legionellen schwimmt nicht frei im Wasser umher sondern sind eingelagert in den Wuchsbelegen (Biofilmen) innerhalb der Hausinstallation (Rohre, Ventile, Armaturen,. Filter usw.) In derartigen Biofilmen, sogenannte &#8220;\u00d6kosysteme&#8221; bestehend aus oft vielschichtigen Kalkablagerungen, Korrosionsmaterialien, Schl\u00e4mmen und anderen Mikroorganismen k\u00f6nnen Legionellen wirkungsvoll gegen Desinfektionsma\u00dfnhahmen gesch\u00fctzt \u00fcberleben.<\/p>\n            <\/div>        <\/div>    <\/div><\/section>\n<section class=\"av_toggle_section\"  itemscope=\"itemscope\" itemtype=\"https:\/\/schema.org\/CreativeWork\"  >    <div role=\"tablist\" class=\"single_toggle\" data-tags=\"{All} {Legionellen} {Trinkwasserverordnung} \"  >        <p data-fake-id=\"#toggle-id-4\" class=\"toggler \"  itemprop=\"headline\"    role=\"tab\" tabindex=\"0\" aria-controls=\"toggle-id-4-container\">Sind alle Grenzwert\u00fcberschreitungen meldepflichtig?<span class=\"toggle_icon\" >        <span class=\"vert_icon\"><\/span><span class=\"hor_icon\"><\/span><\/span><\/p>        <div id=\"toggle-id-4-container\" class=\"toggle_wrap \"  >            <div class=\"toggle_content invers-color \"  itemprop=\"text\"   ><p>Meldungen an das Gesundheitsamt sind n\u00f6tig, wenn der technische Ma\u00dfnahmenwert f\u00fcr Legionellen, der 2011 in die Trinkwasserverordnung eingef\u00fchrt wurde, \u00fcberschritten wird.<\/p>\n            <\/div>        <\/div>    <\/div><\/section>\n<\/div>\n","protected":false},"excerpt":{"rendered":"","protected":false},"author":1,"featured_media":0,"parent":3051,"menu_order":0,"comment_status":"open","ping_status":"open","template":"","meta":{"_bbp_topic_count":0,"_bbp_reply_count":0,"_bbp_total_topic_count":0,"_bbp_total_reply_count":0,"_bbp_voice_count":0,"_bbp_anonymous_reply_count":0,"_bbp_topic_count_hidden":0,"_bbp_reply_count_hidden":0,"_bbp_forum_subforum_count":0,"footnotes":""},"class_list":["post-1277","page","type-page","status-publish","hentry"],"_links":{"self":[{"href":"https:\/\/new.gefaehrdungsanalyse.org\/index.php?rest_route=\/wp\/v2\/pages\/1277","targetHints":{"allow":["GET"]}}],"collection":[{"href":"https:\/\/new.gefaehrdungsanalyse.org\/index.php?rest_route=\/wp\/v2\/pages"}],"about":[{"href":"https:\/\/new.gefaehrdungsanalyse.org\/index.php?rest_route=\/wp\/v2\/types\/page"}],"author":[{"embeddable":true,"href":"https:\/\/new.gefaehrdungsanalyse.org\/index.php?rest_route=\/wp\/v2\/users\/1"}],"replies":[{"embeddable":true,"href":"https:\/\/new.gefaehrdungsanalyse.org\/index.php?rest_route=%2Fwp%2Fv2%2Fcomments&post=1277"}],"version-history":[{"count":11,"href":"https:\/\/new.gefaehrdungsanalyse.org\/index.php?rest_route=\/wp\/v2\/pages\/1277\/revisions"}],"predecessor-version":[{"id":3427,"href":"https:\/\/new.gefaehrdungsanalyse.org\/index.php?rest_route=\/wp\/v2\/pages\/1277\/revisions\/3427"}],"up":[{"embeddable":true,"href":"https:\/\/new.gefaehrdungsanalyse.org\/index.php?rest_route=\/wp\/v2\/pages\/3051"}],"wp:attachment":[{"href":"https:\/\/new.gefaehrdungsanalyse.org\/index.php?rest_route=%2Fwp%2Fv2%2Fmedia&parent=1277"}],"curies":[{"name":"wp","href":"https:\/\/api.w.org\/{rel}","templated":true}]}}