{"id":2969,"date":"2014-02-14T12:52:27","date_gmt":"2014-02-14T12:52:27","guid":{"rendered":"http:\/\/gefaehrdungsanalyse.org\/?page_id=2969"},"modified":"2025-12-23T12:32:35","modified_gmt":"2025-12-23T12:32:35","slug":"kunden","status":"publish","type":"page","link":"https:\/\/new.gefaehrdungsanalyse.org\/?page_id=2969","title":{"rendered":"Kunden"},"content":{"rendered":"<div id='layer_slider_1'  class='avia-layerslider main_color avia-shadow  avia-builder-el-0  el_before_av_textblock  avia-builder-el-first  container_wrap sidebar_right' style='  height: 221px; max-width: 1140px; margin: 0 auto;' ><\/div><div id='after_layer_slider_1'  class='main_color av_default_container_wrap container_wrap sidebar_right' style=' '  ><div class='container' ><div class='template-page content  av-content-small alpha units'><div class='post-entry post-entry-type-page post-entry-2969'><div class='entry-content-wrapper clearfix'>\n<section class=\"av_textblock_section \"  itemscope=\"itemscope\" itemtype=\"https:\/\/schema.org\/CreativeWork\" ><div class='avia_textblock  '   itemprop=\"text\" ><h2>UNSERE KUNDEN<\/h2>\n<\/div><\/section>\n<div  style='padding-bottom:10px; color:#66666666;' class='av-special-heading av-special-heading-h5 custom-color-heading   avia-builder-el-2  el_after_av_textblock  el_before_av_hr  '><h5 class='av-special-heading-tag '  itemprop=\"headline\"  >F\u00fcr Kommunen, Wohnungsbautr\u00e4ger, Industriefirmen, Hotels usw. koordinieren und \u00fcberwachen wir die rechtssichere Umsetzung der Beprobungspflicht. Dabei gibt es besondere Anforderungen die es zu beachten gilt.<\/h5><div class='special-heading-border'><div class='special-heading-inner-border' style='border-color:#66666666'><\/div><\/div><\/div>\n<div   class='hr hr-short hr-center   avia-builder-el-3  el_after_av_heading  el_before_av_one_half '><span class='hr-inner ' ><span class='hr-inner-style'><\/span><\/span><\/div>\n<div class=\"flex_column av_one_half  flex_column_div first  avia-builder-el-4  el_after_av_hr  el_before_av_one_half  \" ><p><div  style='padding-bottom:10px; color:#b22929;' class='av-special-heading av-special-heading-h3 custom-color-heading blockquote modern-quote  avia-builder-el-5  el_before_av_image  avia-builder-el-first  '><h3 class='av-special-heading-tag '  itemprop=\"headline\"  >WOHNUNGSBAUGESELLSCHAFTEN<\/h3><div class='special-heading-border'><div class='special-heading-inner-border' style='border-color:#b22929'><\/div><\/div><\/div><br \/>\n<div  class='avia-image-container  av-styling-    avia-builder-el-6  el_after_av_heading  el_before_av_hr  avia-align-left '  itemprop=\"image\" itemscope=\"itemscope\" itemtype=\"https:\/\/schema.org\/ImageObject\"  ><div class='avia-image-container-inner'><div class='avia-image-overlay-wrap'><a href='https:\/\/new.gefaehrdungsanalyse.org\/?page_id=3002' class='avia_image'  ><img class='avia_image ' src='https:\/\/new.gefaehrdungsanalyse.org\/wp-content\/uploads\/2014\/02\/Wohnungsbau-teaser3-300x120.jpg' alt='' title='Wohnungsbau-teaser'  itemprop=\"thumbnailUrl\"  \/><\/a><\/div><\/div><\/div><br \/>\n<div  style='height:1px; margin-top:0px'  class='hr hr-invisible   avia-builder-el-7  el_after_av_image  el_before_av_textblock '><span class='hr-inner ' ><span class='hr-inner-style'><\/span><\/span><\/div><br \/>\n<section class=\"av_textblock_section \"  itemscope=\"itemscope\" itemtype=\"https:\/\/schema.org\/CreativeWork\" ><div class='avia_textblock  '   itemprop=\"text\" ><p>Gerade in Mietsh\u00e4usern ist eine pr\u00e4ventive \u00dcberpr\u00fcfung der Beprobungsf\u00e4higkeit sehr wesentlich, um unangenehme \u00dcberraschungen und Kosten durch eine auff\u00e4llige Trinkwasserprobe zu vermeiden.<\/p>\n<\/div><\/section><br \/>\n<div  style='height:1px; margin-top:0px'  class='hr hr-invisible   avia-builder-el-9  el_after_av_textblock  el_before_av_button '><span class='hr-inner ' ><span class='hr-inner-style'><\/span><\/span><\/div><br \/>\n<div  class='avia-button-wrap avia-button-left  avia-builder-el-10  el_after_av_hr  avia-builder-el-last ' ><a href='https:\/\/new.gefaehrdungsanalyse.org\/?page_id=3002'  class='avia-button   avia-icon_select-yes-left-icon avia-color-theme-color-subtle avia-size-small avia-position-left '   ><span class='avia_button_icon avia_button_icon_left ' aria-hidden='true' data-av_icon='\ue87d' data-av_iconfont='entypo-fontello'><\/span><span class='avia_iconbox_title' >weiter<\/span><\/a><\/div><\/p><\/div><div class=\"flex_column av_one_half  flex_column_div   avia-builder-el-11  el_after_av_one_half  el_before_av_one_half  \" ><p><div  style='padding-bottom:10px; color:#b22929;' class='av-special-heading av-special-heading-h3 custom-color-heading blockquote modern-quote  avia-builder-el-12  el_before_av_image  avia-builder-el-first  '><h3 class='av-special-heading-tag '  itemprop=\"headline\"  >SENIOREN- UND PFLEGEHEIME<\/h3><div class='special-heading-border'><div class='special-heading-inner-border' style='border-color:#b22929'><\/div><\/div><\/div><br \/>\n<div  class='avia-image-container  av-styling-    avia-builder-el-13  el_after_av_heading  el_before_av_hr  avia-align-left '  itemprop=\"image\" itemscope=\"itemscope\" itemtype=\"https:\/\/schema.org\/ImageObject\"  ><div class='avia-image-container-inner'><div class='avia-image-overlay-wrap'><a href='https:\/\/new.gefaehrdungsanalyse.org\/?page_id=3263' class='avia_image'  ><img class='avia_image ' src='https:\/\/new.gefaehrdungsanalyse.org\/wp-content\/uploads\/2014\/02\/Senioren-und-Pflegeheime-Teaser-300x120.jpg' alt='' title='Senioren und Pflegeheime Teaser'  itemprop=\"thumbnailUrl\"  \/><\/a><\/div><\/div><\/div><br \/>\n<div  style='height:1px; margin-top:0px'  class='hr hr-invisible   avia-builder-el-14  el_after_av_image  el_before_av_textblock '><span class='hr-inner ' ><span class='hr-inner-style'><\/span><\/span><\/div><br \/>\n<section class=\"av_textblock_section \"  itemscope=\"itemscope\" itemtype=\"https:\/\/schema.org\/CreativeWork\" ><div class='avia_textblock  '   itemprop=\"text\" ><p>F\u00fcr Pflegeeinrichtungen gelten zus\u00e4tzliche Anforderungen \u00fcber die Trinkwasserverordnung hinaus. Diese Einrichtungen erfordern eine besondere R\u00fccksicht bei der Trinkwasserbereitstellung.<\/p>\n<\/div><\/section><br \/>\n<div  class='avia-button-wrap avia-button-left  avia-builder-el-16  el_after_av_textblock  avia-builder-el-last ' ><a href='https:\/\/new.gefaehrdungsanalyse.org\/?page_id=3263'  class='avia-button   avia-icon_select-yes-left-icon avia-color-theme-color-subtle avia-size-small avia-position-left '   ><span class='avia_button_icon avia_button_icon_left ' aria-hidden='true' data-av_icon='\ue87d' data-av_iconfont='entypo-fontello'><\/span><span class='avia_iconbox_title' >weiter<\/span><\/a><\/div><\/p><\/div><\/p>\n<div class=\"flex_column av_one_half  flex_column_div first  avia-builder-el-17  el_after_av_one_half  el_before_av_one_half  column-top-margin\" ><p><div  style='padding-bottom:10px; color:#b22929;' class='av-special-heading av-special-heading-h3 custom-color-heading blockquote modern-quote  avia-builder-el-18  el_before_av_image  avia-builder-el-first  '><h3 class='av-special-heading-tag '  itemprop=\"headline\"  >KLINIKEN UND KRANKENH\u00c4USER<\/h3><div class='special-heading-border'><div class='special-heading-inner-border' style='border-color:#b22929'><\/div><\/div><\/div><br \/>\n<div  class='avia-image-container  av-styling-    avia-builder-el-19  el_after_av_heading  el_before_av_hr  avia-align-left '  itemprop=\"image\" itemscope=\"itemscope\" itemtype=\"https:\/\/schema.org\/ImageObject\"  ><div class='avia-image-container-inner'><div class='avia-image-overlay-wrap'><a href='https:\/\/new.gefaehrdungsanalyse.org\/?page_id=3291' class='avia_image'  ><img class='avia_image ' src='https:\/\/new.gefaehrdungsanalyse.org\/wp-content\/uploads\/2014\/02\/Kliniken-Teaser1-300x120.jpg' alt='' title='Kliniken-Teaser'  itemprop=\"thumbnailUrl\"  \/><\/a><\/div><\/div><\/div><br \/>\n<div  style='height:1px; margin-top:0px'  class='hr hr-invisible   avia-builder-el-20  el_after_av_image  el_before_av_textblock '><span class='hr-inner ' ><span class='hr-inner-style'><\/span><\/span><\/div><br \/>\n<section class=\"av_textblock_section \"  itemscope=\"itemscope\" itemtype=\"https:\/\/schema.org\/CreativeWork\" ><div class='avia_textblock  '   itemprop=\"text\" ><p>Die Trinkwasserverordnung findet hier zusammen mit der Richtlinie f\u00fcr Krankenh\u00e4user Anwendung. In den hochsensiblen Bereichen (OP-Bereich, Intensivstation etc.) sind die Grenzwerte f\u00fcr Keime deutlich niedriger als in \u00f6ffentlichen Bereichen.<\/p>\n<\/div><\/section><br \/>\n<div  class='avia-button-wrap avia-button-left  avia-builder-el-22  el_after_av_textblock  avia-builder-el-last ' ><a href='https:\/\/new.gefaehrdungsanalyse.org\/?page_id=3291'  class='avia-button   avia-icon_select-yes-left-icon avia-color-theme-color-subtle avia-size-small avia-position-left '   ><span class='avia_button_icon avia_button_icon_left ' aria-hidden='true' data-av_icon='\ue87d' data-av_iconfont='entypo-fontello'><\/span><span class='avia_iconbox_title' >weiter<\/span><\/a><\/div><\/p><\/div>\n<div class=\"flex_column av_one_half  flex_column_div   avia-builder-el-23  el_after_av_one_half  el_before_av_one_half  column-top-margin\" ><p><div  style='padding-bottom:10px; color:#b22929;' class='av-special-heading av-special-heading-h3 custom-color-heading blockquote modern-quote  avia-builder-el-24  el_before_av_image  avia-builder-el-first  '><h3 class='av-special-heading-tag '  itemprop=\"headline\"  >ST\u00c4DTE UND KOMMUNEN<\/h3><div class='special-heading-border'><div class='special-heading-inner-border' style='border-color:#b22929'><\/div><\/div><\/div><br \/>\n<div  class='avia-image-container  av-styling-    avia-builder-el-25  el_after_av_heading  el_before_av_hr  avia-align-left '  itemprop=\"image\" itemscope=\"itemscope\" itemtype=\"https:\/\/schema.org\/ImageObject\"  ><div class='avia-image-container-inner'><div class='avia-image-overlay-wrap'><a href='https:\/\/new.gefaehrdungsanalyse.org\/?page_id=3287' class='avia_image'  ><img class='avia_image ' src='https:\/\/new.gefaehrdungsanalyse.org\/wp-content\/uploads\/2025\/12\/Kommunen-teaser-300x120.jpg' alt='' title='Kommunen-teaser'  itemprop=\"thumbnailUrl\"  \/><\/a><\/div><\/div><\/div><br \/>\n<div  style='height:1px; margin-top:0px'  class='hr hr-invisible   avia-builder-el-26  el_after_av_image  el_before_av_textblock '><span class='hr-inner ' ><span class='hr-inner-style'><\/span><\/span><\/div><br \/>\n<section class=\"av_textblock_section \"  itemscope=\"itemscope\" itemtype=\"https:\/\/schema.org\/CreativeWork\" ><div class='avia_textblock  '   itemprop=\"text\" ><p>In den St\u00e4dten und Landkreisen werden eine Vielzahl unterschiedlicher Geb\u00e4ude unterhalten. Hier gilt es sehr differenziert vorzugehen, damit der Betreiber f\u00fcr die spezifischen Einrichtungen die gr\u00f6\u00dftm\u00f6gliche Rechtssicherheit beim Betrieb der Anlage erh\u00e4lt.<\/p>\n<\/div><\/section><br \/>\n<div  class='avia-button-wrap avia-button-left  avia-builder-el-28  el_after_av_textblock  avia-builder-el-last ' ><a href='https:\/\/new.gefaehrdungsanalyse.org\/?page_id=3287'  class='avia-button   avia-icon_select-yes-left-icon avia-color-theme-color-subtle avia-size-small avia-position-left '   ><span class='avia_button_icon avia_button_icon_left ' aria-hidden='true' data-av_icon='\ue87d' data-av_iconfont='entypo-fontello'><\/span><span class='avia_iconbox_title' >weiter<\/span><\/a><\/div><\/p><\/div>\n<div class=\"flex_column av_one_half  flex_column_div first  avia-builder-el-29  el_after_av_one_half  el_before_av_one_half  column-top-margin\" ><p><div  style='padding-bottom:10px; color:#b22929;' class='av-special-heading av-special-heading-h3 custom-color-heading blockquote modern-quote  avia-builder-el-30  el_before_av_image  avia-builder-el-first  '><h3 class='av-special-heading-tag '  itemprop=\"headline\"  >INDUSTRIEBETRIEBE<\/h3><div class='special-heading-border'><div class='special-heading-inner-border' style='border-color:#b22929'><\/div><\/div><\/div><br \/>\n<div  class='avia-image-container  av-styling-    avia-builder-el-31  el_after_av_heading  el_before_av_hr  avia-align-left '  itemprop=\"image\" itemscope=\"itemscope\" itemtype=\"https:\/\/schema.org\/ImageObject\"  ><div class='avia-image-container-inner'><div class='avia-image-overlay-wrap'><a href='https:\/\/new.gefaehrdungsanalyse.org\/?page_id=3004' class='avia_image'  ><img class='avia_image ' src='https:\/\/new.gefaehrdungsanalyse.org\/wp-content\/uploads\/2014\/02\/Industriebetriebe-teaser-300x120.jpg' alt='' title='Industriebetriebe-teaser'  itemprop=\"thumbnailUrl\"  \/><\/a><\/div><\/div><\/div><br \/>\n<div  style='height:1px; margin-top:0px'  class='hr hr-invisible   avia-builder-el-32  el_after_av_image  el_before_av_textblock '><span class='hr-inner ' ><span class='hr-inner-style'><\/span><\/span><\/div><br \/>\n<section class=\"av_textblock_section \"  itemscope=\"itemscope\" itemtype=\"https:\/\/schema.org\/CreativeWork\" ><div class='avia_textblock  '   itemprop=\"text\" ><p>Die Vorgaben der Trinkwasserverordnung zur Untersuchungspflicht auf Legionellen gelten hier mit bestimmten Einschr\u00e4nkungen. Denn \u00fcber die anderen Gesetze und Regelwerke (BGB, Arbeitsst\u00e4ttenordnung etc.) besteht schon immer eine indirekte Pflicht.<\/p>\n<\/div><\/section><br \/>\n<div  class='avia-button-wrap avia-button-left  avia-builder-el-34  el_after_av_textblock  avia-builder-el-last ' ><a href='https:\/\/new.gefaehrdungsanalyse.org\/?page_id=3004'  class='avia-button   avia-icon_select-yes-left-icon avia-color-theme-color-subtle avia-size-small avia-position-left '   ><span class='avia_button_icon avia_button_icon_left ' aria-hidden='true' data-av_icon='\ue87d' data-av_iconfont='entypo-fontello'><\/span><span class='avia_iconbox_title' >weiter<\/span><\/a><\/div><\/p><\/div>\n<div class=\"flex_column av_one_half  flex_column_div   avia-builder-el-35  el_after_av_one_half  el_before_av_one_half  column-top-margin\" ><p><div  style='padding-bottom:10px; color:#b22929;' class='av-special-heading av-special-heading-h3 custom-color-heading blockquote modern-quote  avia-builder-el-36  el_before_av_image  avia-builder-el-first  '><h3 class='av-special-heading-tag '  itemprop=\"headline\"  >HOTELS UND GASTRONOMIE<\/h3><div class='special-heading-border'><div class='special-heading-inner-border' style='border-color:#b22929'><\/div><\/div><\/div><br \/>\n<div  class='avia-image-container  av-styling-    avia-builder-el-37  el_after_av_heading  el_before_av_hr  avia-align-left '  itemprop=\"image\" itemscope=\"itemscope\" itemtype=\"https:\/\/schema.org\/ImageObject\"  ><div class='avia-image-container-inner'><div class='avia-image-overlay-wrap'><a href='https:\/\/new.gefaehrdungsanalyse.org\/?page_id=3289' class='avia_image'  ><img class='avia_image ' src='https:\/\/new.gefaehrdungsanalyse.org\/wp-content\/uploads\/2014\/02\/Gastronomie-teaser-300x120.jpg' alt='' title='Gastronomie-teaser'  itemprop=\"thumbnailUrl\"  \/><\/a><\/div><\/div><\/div><br \/>\n<div  style='height:1px; margin-top:0px'  class='hr hr-invisible   avia-builder-el-38  el_after_av_image  el_before_av_textblock '><span class='hr-inner ' ><span class='hr-inner-style'><\/span><\/span><\/div><br \/>\n<section class=\"av_textblock_section \"  itemscope=\"itemscope\" itemtype=\"https:\/\/schema.org\/CreativeWork\" ><div class='avia_textblock  '   itemprop=\"text\" ><p>Hotelbetriebe sind gem\u00e4\u00df der neuen Trinkwasserverordnung verpflichtet, einmal j\u00e4hrlich ihr Trinkwasser auf Legionellen hin \u00fcberpr\u00fcfen zu lassen. Mittlerweile wird diese Pr\u00fcfung bereits von vielen G\u00e4sten nachgefragt und scheint zuk\u00fcnftig auch ein Qualit\u00e4tskriterium zu werden.<\/p>\n<\/div><\/section><br \/>\n<div  class='avia-button-wrap avia-button-left  avia-builder-el-40  el_after_av_textblock  avia-builder-el-last ' ><a href='https:\/\/new.gefaehrdungsanalyse.org\/?page_id=3289'  class='avia-button   avia-icon_select-yes-left-icon avia-color-theme-color-subtle avia-size-small avia-position-left '   ><span class='avia_button_icon avia_button_icon_left ' aria-hidden='true' data-av_icon='\ue87d' data-av_iconfont='entypo-fontello'><\/span><span class='avia_iconbox_title' >weiter<\/span><\/a><\/div><\/p><\/div>\n<div class=\"flex_column av_one_half  flex_column_div first  avia-builder-el-41  el_after_av_one_half  el_before_av_promobox  column-top-margin\" ><p><div  style='padding-bottom:10px; color:#b22929;' class='av-special-heading av-special-heading-h3 custom-color-heading blockquote modern-quote  avia-builder-el-42  el_before_av_image  avia-builder-el-first  '><h3 class='av-special-heading-tag '  itemprop=\"headline\"  >CAMPING UND FREIZEITEINRICHTUNGEN<\/h3><div class='special-heading-border'><div class='special-heading-inner-border' style='border-color:#b22929'><\/div><\/div><\/div><br \/>\n<div  class='avia-image-container  av-styling-    avia-builder-el-43  el_after_av_heading  el_before_av_hr  avia-align-left '  itemprop=\"image\" itemscope=\"itemscope\" itemtype=\"https:\/\/schema.org\/ImageObject\"  ><div class='avia-image-container-inner'><div class='avia-image-overlay-wrap'><a href='https:\/\/new.gefaehrdungsanalyse.org\/?page_id=3285' class='avia_image'  ><img class='avia_image ' src='https:\/\/new.gefaehrdungsanalyse.org\/wp-content\/uploads\/2014\/02\/Teaser-Camping-300x120.jpg' alt='' title='Teaser-Camping'  itemprop=\"thumbnailUrl\"  \/><\/a><\/div><\/div><\/div><br \/>\n<div  style='height:1px; margin-top:0px'  class='hr hr-invisible   avia-builder-el-44  el_after_av_image  el_before_av_textblock '><span class='hr-inner ' ><span class='hr-inner-style'><\/span><\/span><\/div><br \/>\n<section class=\"av_textblock_section \"  itemscope=\"itemscope\" itemtype=\"https:\/\/schema.org\/CreativeWork\" ><div class='avia_textblock  '   itemprop=\"text\" ><p>Die gr\u00f6\u00dften Risiken, sich mit Legionellen zu infizieren, bestehen in der Vor- und Nachsaison. Weniger Betrieb erh\u00f6ht die Wasserstagnation und f\u00f6rdert das Keim-Wachstum.<\/p>\n<\/div><\/section><br \/>\n<div  class='avia-button-wrap avia-button-left  avia-builder-el-46  el_after_av_textblock  avia-builder-el-last ' ><a href='https:\/\/new.gefaehrdungsanalyse.org\/?page_id=3285'  class='avia-button   avia-icon_select-yes-left-icon avia-color-theme-color-subtle avia-size-small avia-position-left '   ><span class='avia_button_icon avia_button_icon_left ' aria-hidden='true' data-av_icon='\ue87d' data-av_iconfont='entypo-fontello'><\/span><span class='avia_iconbox_title' >weiter<\/span><\/a><\/div><\/p><\/div>\n\t<div   class='av_promobox  avia-button-yes   avia-builder-el-47  el_after_av_one_half  avia-builder-el-last '>\t\t<div class='avia-promocontent'><p>\nD\u00fcrfen wir Sie beraten? Senden Sie uns jetzt kostenlos und unverbindlich Ihre Anfrage.<\/p>\n<\/div><div  class='avia-button-wrap avia-button-right ' ><a href=''  class='avia-button   avia-icon_select-yes-left-icon avia-color-theme-color avia-size-large avia-position-right '   ><span class='avia_button_icon avia_button_icon_left ' aria-hidden='true' data-av_icon='\ue87d' data-av_iconfont='entypo-fontello'><\/span><span class='avia_iconbox_title' >Jetzt beraten lassen<\/span><\/a><\/div><\/div>\n","protected":false},"excerpt":{"rendered":"","protected":false},"author":1,"featured_media":0,"parent":0,"menu_order":0,"comment_status":"open","ping_status":"open","template":"","meta":{"_bbp_topic_count":0,"_bbp_reply_count":0,"_bbp_total_topic_count":0,"_bbp_total_reply_count":0,"_bbp_voice_count":0,"_bbp_anonymous_reply_count":0,"_bbp_topic_count_hidden":0,"_bbp_reply_count_hidden":0,"_bbp_forum_subforum_count":0,"footnotes":""},"class_list":["post-2969","page","type-page","status-publish","hentry"],"_links":{"self":[{"href":"https:\/\/new.gefaehrdungsanalyse.org\/index.php?rest_route=\/wp\/v2\/pages\/2969","targetHints":{"allow":["GET"]}}],"collection":[{"href":"https:\/\/new.gefaehrdungsanalyse.org\/index.php?rest_route=\/wp\/v2\/pages"}],"about":[{"href":"https:\/\/new.gefaehrdungsanalyse.org\/index.php?rest_route=\/wp\/v2\/types\/page"}],"author":[{"embeddable":true,"href":"https:\/\/new.gefaehrdungsanalyse.org\/index.php?rest_route=\/wp\/v2\/users\/1"}],"replies":[{"embeddable":true,"href":"https:\/\/new.gefaehrdungsanalyse.org\/index.php?rest_route=%2Fwp%2Fv2%2Fcomments&post=2969"}],"version-history":[{"count":51,"href":"https:\/\/new.gefaehrdungsanalyse.org\/index.php?rest_route=\/wp\/v2\/pages\/2969\/revisions"}],"predecessor-version":[{"id":3742,"href":"https:\/\/new.gefaehrdungsanalyse.org\/index.php?rest_route=\/wp\/v2\/pages\/2969\/revisions\/3742"}],"wp:attachment":[{"href":"https:\/\/new.gefaehrdungsanalyse.org\/index.php?rest_route=%2Fwp%2Fv2%2Fmedia&parent=2969"}],"curies":[{"name":"wp","href":"https:\/\/api.w.org\/{rel}","templated":true}]}}