{"id":3002,"date":"2014-02-14T13:33:22","date_gmt":"2014-02-14T13:33:22","guid":{"rendered":"http:\/\/gefaehrdungsanalyse.org\/?page_id=3002"},"modified":"2025-12-23T12:33:12","modified_gmt":"2025-12-23T12:33:12","slug":"wohnungsbaugesellschaften","status":"publish","type":"page","link":"https:\/\/new.gefaehrdungsanalyse.org\/?page_id=3002","title":{"rendered":"Wohnungsbaugesellschaften"},"content":{"rendered":"\n<p><\/p>\n\n\n<div id='layer_slider_1'  class='avia-layerslider main_color avia-shadow  avia-builder-el-0  el_before_av_textblock  avia-builder-el-first  container_wrap sidebar_right' style='  height: 221px; max-width: 1140px; margin: 0 auto;' ><\/div><div id='after_layer_slider_1'  class='main_color av_default_container_wrap container_wrap sidebar_right' style=' '  ><div class='container' ><div class='template-page content  av-content-small alpha units'><div class='post-entry post-entry-type-page post-entry-3002'><div class='entry-content-wrapper clearfix'>\n<section class=\"av_textblock_section \"  itemscope=\"itemscope\" itemtype=\"https:\/\/schema.org\/CreativeWork\" ><div class='avia_textblock  '   itemprop=\"text\" ><h2>WOHNUNGSBAUGESELLSCHAFTEN<\/h2>\n<\/div><\/section>\n<div class=\"flex_column av_one_full  flex_column_div first  avia-builder-el-2  el_after_av_textblock  el_before_av_heading  column-top-margin\" ><div  class='avia-image-container  av-styling-    avia-builder-el-3  avia-builder-el-no-sibling  avia-align-left '  itemprop=\"image\" itemscope=\"itemscope\" itemtype=\"https:\/\/schema.org\/ImageObject\"  ><div class='avia-image-container-inner'><div class='avia-image-overlay-wrap'><img class='avia_image' src='http:\/\/new.gefaehrdungsanalyse.org\/wp-content\/uploads\/2014\/02\/wohnungsbau-header1.jpg' alt='' title='wohnungsbau-header'   itemprop=\"thumbnailUrl\"  \/><\/div><\/div><\/div><\/div>\n<div  style='padding-bottom:10px; color:#6666666;' class='av-special-heading av-special-heading-h5 custom-color-heading   avia-builder-el-4  el_after_av_one_full  el_before_av_hr  '><h5 class='av-special-heading-tag '  itemprop=\"headline\"  >F\u00fcr vielen tausend Wohnungen koordinieren und \u00fcberwachen wir die rechtssichere Umsetzung der Beprobungspflicht. So erh\u00f6hen wir die Rechtssicherheit f\u00fcr die Betreiber und Verwalter und reduzieren das Risiko von zus\u00e4tzlichen Kosten.<\/h5><div class='special-heading-border'><div class='special-heading-inner-border' style='border-color:#6666666'><\/div><\/div><\/div>\n<div   class='hr hr-short hr-center   avia-builder-el-5  el_after_av_heading  el_before_av_one_third '><span class='hr-inner ' ><span class='hr-inner-style'><\/span><\/span><\/div>\n<div class=\"flex_column av_one_third  flex_column_div first  avia-builder-el-6  el_after_av_hr  el_before_av_two_third  \" ><div  class='avia-image-container  av-styling-    avia-builder-el-7  avia-builder-el-no-sibling  avia-align-center '  itemprop=\"image\" itemscope=\"itemscope\" itemtype=\"https:\/\/schema.org\/ImageObject\"  ><div class='avia-image-container-inner'><div class='avia-image-overlay-wrap'><img class='avia_image' src='http:\/\/new.gefaehrdungsanalyse.org\/wp-content\/uploads\/2014\/02\/wohnungsbau-rund.jpg' alt='' title='wohnungsbau-rund'   itemprop=\"thumbnailUrl\"  \/><\/div><\/div><\/div><\/div>\n<div class=\"flex_column av_two_third  flex_column_div   avia-builder-el-8  el_after_av_one_third  el_before_av_promobox  \" ><section class=\"av_textblock_section \"  itemscope=\"itemscope\" itemtype=\"https:\/\/schema.org\/CreativeWork\" ><div class='avia_textblock  '   itemprop=\"text\" ><p><span class=\"av_dropcap1 \" >V<\/span>ermietete Geb\u00e4ude mit mehr als 2 Wohnungen sind alle drei Jahre auf Legionellen untersuchen zu lassen. Sogenannte Mischbauten, d.h. Geb\u00e4ude mit vermieteten Wohnungen sowie gewerblichen Betrieben fallen unter die j\u00e4hrliche Untersuchungspflicht analog wie Hotels und andere j\u00e4hrliche untersuchungspflichtige Geb\u00e4ude.<\/p>\n<p>Gem\u00e4\u00df den technischen Regelwerken sind der Warmwasservorlauf, der Warmwasserr\u00fccklauf (Zirkulation) sowie die Endpunkte der jeweiligen Steigstr\u00e4nge in der Geb\u00e4udeperipherie zu beproben. Bei nur einem Steigstrang w\u00e4ren das dann 3 Wasserproben. Je Geb\u00e4udekonstruktion gibt es Wohnh\u00e4user mit 1, 2 ,3, 20 oder sogar mehr als 50 Steigstr\u00e4ngen. Oft ist der Verlauf der Str\u00e4nge und der notwendige Endbereich nicht einfach zu lokalisieren. Der Betreiber haftet hier f\u00fcr die richtige Erfassung der Str\u00e4nge. Hier ist es in bestimmten F\u00e4llen ratsam, im Zweifel die notwendigen Stellen durch einen Sachverst\u00e4ndigen festlegen zu lassen.<\/p>\n<\/div><\/section><\/div>\n\t<div   class='av_promobox  avia-button-yes   avia-builder-el-10  el_after_av_two_third  avia-builder-el-last '>\t\t<div class='avia-promocontent'><p>\nD\u00fcrfen wir Sie beraten? Senden Sie uns jetzt kostenlos und unverbindlich Ihre Anfrage.<\/p>\n<\/div><div  class='avia-button-wrap avia-button-right ' ><a href='https:\/\/new.gefaehrdungsanalyse.org\/?page_id=1167'  class='avia-button   avia-icon_select-yes-left-icon avia-color-theme-color avia-size-large avia-position-right '   ><span class='avia_button_icon avia_button_icon_left ' aria-hidden='true' data-av_icon='\ue87d' data-av_iconfont='entypo-fontello'><\/span><span class='avia_iconbox_title' >Jetzt beraten lassen<\/span><\/a><\/div><\/div>\n","protected":false},"excerpt":{"rendered":"","protected":false},"author":1,"featured_media":0,"parent":2969,"menu_order":0,"comment_status":"open","ping_status":"open","template":"","meta":{"_bbp_topic_count":0,"_bbp_reply_count":0,"_bbp_total_topic_count":0,"_bbp_total_reply_count":0,"_bbp_voice_count":0,"_bbp_anonymous_reply_count":0,"_bbp_topic_count_hidden":0,"_bbp_reply_count_hidden":0,"_bbp_forum_subforum_count":0,"footnotes":""},"class_list":["post-3002","page","type-page","status-publish","hentry"],"_links":{"self":[{"href":"https:\/\/new.gefaehrdungsanalyse.org\/index.php?rest_route=\/wp\/v2\/pages\/3002","targetHints":{"allow":["GET"]}}],"collection":[{"href":"https:\/\/new.gefaehrdungsanalyse.org\/index.php?rest_route=\/wp\/v2\/pages"}],"about":[{"href":"https:\/\/new.gefaehrdungsanalyse.org\/index.php?rest_route=\/wp\/v2\/types\/page"}],"author":[{"embeddable":true,"href":"https:\/\/new.gefaehrdungsanalyse.org\/index.php?rest_route=\/wp\/v2\/users\/1"}],"replies":[{"embeddable":true,"href":"https:\/\/new.gefaehrdungsanalyse.org\/index.php?rest_route=%2Fwp%2Fv2%2Fcomments&post=3002"}],"version-history":[{"count":10,"href":"https:\/\/new.gefaehrdungsanalyse.org\/index.php?rest_route=\/wp\/v2\/pages\/3002\/revisions"}],"predecessor-version":[{"id":3743,"href":"https:\/\/new.gefaehrdungsanalyse.org\/index.php?rest_route=\/wp\/v2\/pages\/3002\/revisions\/3743"}],"up":[{"embeddable":true,"href":"https:\/\/new.gefaehrdungsanalyse.org\/index.php?rest_route=\/wp\/v2\/pages\/2969"}],"wp:attachment":[{"href":"https:\/\/new.gefaehrdungsanalyse.org\/index.php?rest_route=%2Fwp%2Fv2%2Fmedia&parent=3002"}],"curies":[{"name":"wp","href":"https:\/\/api.w.org\/{rel}","templated":true}]}}