{"id":3007,"date":"2014-02-14T16:22:39","date_gmt":"2014-02-14T16:22:39","guid":{"rendered":"http:\/\/gefaehrdungsanalyse.org\/?page_id=3007"},"modified":"2025-12-23T12:42:16","modified_gmt":"2025-12-23T12:42:16","slug":"leistungen","status":"publish","type":"page","link":"https:\/\/new.gefaehrdungsanalyse.org\/?page_id=3007","title":{"rendered":"Leistungen"},"content":{"rendered":"<div id='layer_slider_1'  class='avia-layerslider main_color avia-shadow  avia-builder-el-0  el_before_av_textblock  avia-builder-el-first  container_wrap sidebar_right' style='  height: 221px; max-width: 1140px; margin: 0 auto;' ><\/div><div id='after_layer_slider_1'  class='main_color av_default_container_wrap container_wrap sidebar_right' style=' '  ><div class='container' ><div class='template-page content  av-content-small alpha units'><div class='post-entry post-entry-type-page post-entry-3007'><div class='entry-content-wrapper clearfix'>\n<section class=\"av_textblock_section \"  itemscope=\"itemscope\" itemtype=\"https:\/\/schema.org\/CreativeWork\" ><div class='avia_textblock  '   itemprop=\"text\" ><h2>UNSERE LEISTUNGEN. INDIVIDUELL F\u00dcR SIE.<\/h2>\n<\/div><\/section>\n<div  style='padding-bottom:10px; color:#666666;' class='av-special-heading av-special-heading-h5 custom-color-heading   avia-builder-el-2  el_after_av_textblock  el_before_av_hr  '><h5 class='av-special-heading-tag '  itemprop=\"headline\"  >Wir sind Ihr kompetenter Partner f\u00fcr die Geb\u00e4ude\u00fcberpr\u00fcfung und Beprobung von Trinkwasseranlagen. Unser Leistungspektrum beinhaltet Schwachstellen- und Gef\u00e4hrdungsanalysen, Trinkwasseruntersuchungen und -Proben, die Erstellung von Sachverst\u00e4ndigen-Gutachten sowie Schulungen zur Legionellen-Pr\u00e4vention.<\/h5><div class='special-heading-border'><div class='special-heading-inner-border' style='border-color:#666666'><\/div><\/div><\/div>\n<div   class='hr hr-short hr-center   avia-builder-el-3  el_after_av_heading  el_before_av_one_half '><span class='hr-inner ' ><span class='hr-inner-style'><\/span><\/span><\/div>\n<div class=\"flex_column av_one_half  flex_column_div first  avia-builder-el-4  el_after_av_hr  el_before_av_one_half  \" ><p><div  style='padding-bottom:10px; color:#b22929;' class='av-special-heading av-special-heading-h3 custom-color-heading blockquote modern-quote  avia-builder-el-5  el_before_av_image  avia-builder-el-first  '><h3 class='av-special-heading-tag '  itemprop=\"headline\"  >GEB\u00c4UDEUNTERSUCHUNGEN<\/h3><div class='special-heading-border'><div class='special-heading-inner-border' style='border-color:#b22929'><\/div><\/div><\/div><br \/>\n<div  class='avia-image-container  av-styling-    avia-builder-el-6  el_after_av_heading  el_before_av_hr  avia-align-left '  itemprop=\"image\" itemscope=\"itemscope\" itemtype=\"https:\/\/schema.org\/ImageObject\"  ><div class='avia-image-container-inner'><div class='avia-image-overlay-wrap'><a href='https:\/\/new.gefaehrdungsanalyse.org\/?page_id=3359' class='avia_image'  ><img class='avia_image ' src='https:\/\/new.gefaehrdungsanalyse.org\/wp-content\/uploads\/2014\/02\/Trinkwasserproben-Teaser-300x120.jpg' alt='' title='Trinkwasserproben-Teaser'  itemprop=\"thumbnailUrl\"  \/><\/a><\/div><\/div><\/div><br \/>\n<div  style='height:1px; margin-top:0px'  class='hr hr-invisible   avia-builder-el-7  el_after_av_image  el_before_av_textblock '><span class='hr-inner ' ><span class='hr-inner-style'><\/span><\/span><\/div><br \/>\n<section class=\"av_textblock_section \"  itemscope=\"itemscope\" itemtype=\"https:\/\/schema.org\/CreativeWork\" ><div class='avia_textblock  '   itemprop=\"text\" ><p>Wir untersuchen Ihre R\u00e4umlichkeiten auf m\u00f6gliche Schwachstellen und dokumentieren diese in einer Schwachstellenanalyse.<\/p>\n<\/div><\/section><br \/>\n<div  class='avia-button-wrap avia-button-left  avia-builder-el-9  el_after_av_textblock  avia-builder-el-last ' ><a href='https:\/\/new.gefaehrdungsanalyse.org\/?page_id=3359'  class='avia-button   avia-icon_select-yes-left-icon avia-color-theme-color-subtle avia-size-small avia-position-left '   ><span class='avia_button_icon avia_button_icon_left ' aria-hidden='true' data-av_icon='\ue87d' data-av_iconfont='entypo-fontello'><\/span><span class='avia_iconbox_title' >weiter<\/span><\/a><\/div><\/p><\/div>\n<div class=\"flex_column av_one_half  flex_column_div   avia-builder-el-10  el_after_av_one_half  el_before_av_one_half  \" ><p><div  style='padding-bottom:10px; color:#b22929;' class='av-special-heading av-special-heading-h3 custom-color-heading blockquote modern-quote  avia-builder-el-11  el_before_av_image  avia-builder-el-first  '><h3 class='av-special-heading-tag '  itemprop=\"headline\"  >SCHULUNGEN UND SEMINARE<\/h3><div class='special-heading-border'><div class='special-heading-inner-border' style='border-color:#b22929'><\/div><\/div><\/div><br \/>\n<div  class='avia-image-container  av-styling-    avia-builder-el-12  el_after_av_heading  el_before_av_hr  avia-align-left '  itemprop=\"image\" itemscope=\"itemscope\" itemtype=\"https:\/\/schema.org\/ImageObject\"  ><div class='avia-image-container-inner'><div class='avia-image-overlay-wrap'><a href='https:\/\/new.gefaehrdungsanalyse.org\/?page_id=3218' class='avia_image'  ><img class='avia_image ' src='https:\/\/new.gefaehrdungsanalyse.org\/wp-content\/uploads\/2014\/02\/schulungen-teaser-300x120.jpg' alt='' title='schulungen-teaser'  itemprop=\"thumbnailUrl\"  \/><\/a><\/div><\/div><\/div><br \/>\n<div  style='height:1px; margin-top:0px'  class='hr hr-invisible   avia-builder-el-13  el_after_av_image  el_before_av_textblock '><span class='hr-inner ' ><span class='hr-inner-style'><\/span><\/span><\/div><br \/>\n<section class=\"av_textblock_section \"  itemscope=\"itemscope\" itemtype=\"https:\/\/schema.org\/CreativeWork\" ><div class='avia_textblock  '   itemprop=\"text\" ><p>Wir schulen Ihre Mitarbeiter und halten Fach-Seminare in Bezug auf Trinkwasserhygiene.<\/p>\n<\/div><\/section><br \/>\n<div  class='avia-button-wrap avia-button-left  avia-builder-el-15  el_after_av_textblock  avia-builder-el-last ' ><a href='https:\/\/new.gefaehrdungsanalyse.org\/?page_id=3218'  class='avia-button   avia-icon_select-yes-left-icon avia-color-theme-color-subtle avia-size-small avia-position-left '   ><span class='avia_button_icon avia_button_icon_left ' aria-hidden='true' data-av_icon='\ue87d' data-av_iconfont='entypo-fontello'><\/span><span class='avia_iconbox_title' >weiter<\/span><\/a><\/div><\/p><\/div>\n<div class=\"flex_column av_one_half  flex_column_div first  avia-builder-el-16  el_after_av_one_half  el_before_av_one_half  column-top-margin\" ><p><div  style='padding-bottom:10px; color:#b22929;' class='av-special-heading av-special-heading-h3 custom-color-heading blockquote modern-quote  avia-builder-el-17  el_before_av_image  avia-builder-el-first  '><h3 class='av-special-heading-tag '  itemprop=\"headline\"  >TRINKWASSERPROBEN<\/h3><div class='special-heading-border'><div class='special-heading-inner-border' style='border-color:#b22929'><\/div><\/div><\/div><br \/>\n<div  class='avia-image-container  av-styling-    avia-builder-el-18  el_after_av_heading  el_before_av_hr  avia-align-left '  itemprop=\"image\" itemscope=\"itemscope\" itemtype=\"https:\/\/schema.org\/ImageObject\"  ><div class='avia-image-container-inner'><div class='avia-image-overlay-wrap'><a href='https:\/\/new.gefaehrdungsanalyse.org\/?page_id=3220' class='avia_image'  ><img class='avia_image ' src='https:\/\/new.gefaehrdungsanalyse.org\/wp-content\/uploads\/2014\/02\/trinkwasser-teaser-300x120.jpg' alt='' title='trinkwasser-teaser'  itemprop=\"thumbnailUrl\"  \/><\/a><\/div><\/div><\/div><br \/>\n<div  style='height:1px; margin-top:0px'  class='hr hr-invisible   avia-builder-el-19  el_after_av_image  el_before_av_textblock '><span class='hr-inner ' ><span class='hr-inner-style'><\/span><\/span><\/div><br \/>\n<section class=\"av_textblock_section \"  itemscope=\"itemscope\" itemtype=\"https:\/\/schema.org\/CreativeWork\" ><div class='avia_textblock  '   itemprop=\"text\" ><p>Als zertifizierte Probenehmer k\u00f6nnen wir in allen Ihren Objekte Wasserproben entnehmen und diese von Laboren untersuchen lassen.<\/p>\n<\/div><\/section><br \/>\n<div  class='avia-button-wrap avia-button-left  avia-builder-el-21  el_after_av_textblock  avia-builder-el-last ' ><a href='https:\/\/new.gefaehrdungsanalyse.org\/?page_id=3220'  class='avia-button   avia-icon_select-yes-left-icon avia-color-theme-color-subtle avia-size-small avia-position-left '   ><span class='avia_button_icon avia_button_icon_left ' aria-hidden='true' data-av_icon='\ue87d' data-av_iconfont='entypo-fontello'><\/span><span class='avia_iconbox_title' >weiter<\/span><\/a><\/div><\/p><\/div>\n<div class=\"flex_column av_one_half  flex_column_div   avia-builder-el-22  el_after_av_one_half  el_before_av_one_half  column-top-margin\" ><p><div  style='padding-bottom:10px; color:#b22929;' class='av-special-heading av-special-heading-h3 custom-color-heading blockquote modern-quote  avia-builder-el-23  el_before_av_image  avia-builder-el-first  '><h3 class='av-special-heading-tag '  itemprop=\"headline\"  >GEF\u00c4HRDUNGSANALYSEN<\/h3><div class='special-heading-border'><div class='special-heading-inner-border' style='border-color:#b22929'><\/div><\/div><\/div><br \/>\n<div  class='avia-image-container  av-styling-    avia-builder-el-24  el_after_av_heading  el_before_av_hr  avia-align-left '  itemprop=\"image\" itemscope=\"itemscope\" itemtype=\"https:\/\/schema.org\/ImageObject\"  ><div class='avia-image-container-inner'><div class='avia-image-overlay-wrap'><a href='https:\/\/new.gefaehrdungsanalyse.org\/?page_id=3031' class='avia_image'  ><img class='avia_image ' src='https:\/\/new.gefaehrdungsanalyse.org\/wp-content\/uploads\/2014\/02\/gef\u00e4hrdungsanalysen-Teaser-300x120.jpg' alt='' title='gef\u00e4hrdungsanalysen Teaser'  itemprop=\"thumbnailUrl\"  \/><\/a><\/div><\/div><\/div><br \/>\n<div  style='height:1px; margin-top:0px'  class='hr hr-invisible   avia-builder-el-25  el_after_av_image  el_before_av_textblock '><span class='hr-inner ' ><span class='hr-inner-style'><\/span><\/span><\/div><br \/>\n<section class=\"av_textblock_section \"  itemscope=\"itemscope\" itemtype=\"https:\/\/schema.org\/CreativeWork\" ><div class='avia_textblock  '   itemprop=\"text\" ><p>Wir dokumentieren alles Einzelheiten und Ma\u00dfnahmen ihre Liegenschaften und Sie erhalten diese geb\u00fcndelt in einen umfangreichen Report &#8211; einer Gef\u00e4hrdungsanalyse.<\/p>\n<\/div><\/section><br \/>\n<div  class='avia-button-wrap avia-button-left  avia-builder-el-27  el_after_av_textblock  avia-builder-el-last ' ><a href='https:\/\/new.gefaehrdungsanalyse.org\/?page_id=3031'  class='avia-button   avia-icon_select-yes-left-icon avia-color-theme-color-subtle avia-size-small avia-position-left '   ><span class='avia_button_icon avia_button_icon_left ' aria-hidden='true' data-av_icon='\ue87d' data-av_iconfont='entypo-fontello'><\/span><span class='avia_iconbox_title' >weiter<\/span><\/a><\/div><\/p><\/div>\n<div class=\"flex_column av_one_half  flex_column_div first  avia-builder-el-28  el_after_av_one_half  el_before_av_hr  column-top-margin\" ><p><div  style='padding-bottom:10px; color:#b22929;' class='av-special-heading av-special-heading-h3 custom-color-heading blockquote modern-quote  avia-builder-el-29  el_before_av_image  avia-builder-el-first  '><h3 class='av-special-heading-tag '  itemprop=\"headline\"  >SACHVERST\u00c4NDIGEN GUTACHTEN<\/h3><div class='special-heading-border'><div class='special-heading-inner-border' style='border-color:#b22929'><\/div><\/div><\/div><br \/>\n<div  class='avia-image-container  av-styling-    avia-builder-el-30  el_after_av_heading  el_before_av_hr  avia-align-left '  itemprop=\"image\" itemscope=\"itemscope\" itemtype=\"https:\/\/schema.org\/ImageObject\"  ><div class='avia-image-container-inner'><div class='avia-image-overlay-wrap'><img class='avia_image' src='https:\/\/new.gefaehrdungsanalyse.org\/wp-content\/uploads\/2014\/02\/Desag-Stempel-Teaser-300x120.jpg' alt='' title='Desag Stempel Teaser' height=\"120\" width=\"300\"  itemprop=\"thumbnailUrl\"  \/><\/div><\/div><\/div><br \/>\n<div  style='height:1px; margin-top:0px'  class='hr hr-invisible   avia-builder-el-31  el_after_av_image  el_before_av_textblock '><span class='hr-inner ' ><span class='hr-inner-style'><\/span><\/span><\/div><br \/>\n<section class=\"av_textblock_section \"  itemscope=\"itemscope\" itemtype=\"https:\/\/schema.org\/CreativeWork\" ><div class='avia_textblock  '   itemprop=\"text\" ><p>Als anerkannter Sachverst\u00e4ndiger und Mitglied der DESAG erstellen wir Gutachten \u00fcber ihre Geb\u00e4udeinstallation.<\/p>\n<\/div><\/section><br \/>\n<div  class='avia-button-wrap avia-button-left  avia-builder-el-33  el_after_av_textblock  avia-builder-el-last ' ><a href=''  class='avia-button   avia-icon_select-yes-left-icon avia-color-theme-color-subtle avia-size-small avia-position-left '   ><span class='avia_button_icon avia_button_icon_left ' aria-hidden='true' data-av_icon='\ue87d' data-av_iconfont='entypo-fontello'><\/span><span class='avia_iconbox_title' >weiter<\/span><\/a><\/div><\/p><\/div>\n<div   class='hr hr-short hr-center   avia-builder-el-34  el_after_av_one_half  el_before_av_textblock '><span class='hr-inner ' ><span class='hr-inner-style'><\/span><\/span><\/div>\n<section class=\"av_textblock_section \"  itemscope=\"itemscope\" itemtype=\"https:\/\/schema.org\/CreativeWork\" ><div class='avia_textblock  '   itemprop=\"text\" ><h2>UNSER KNOW-HOW F\u00dcR IHRE RECHTSSICHERHEIT<\/h2>\n<p>Mit unserem umfangreichen Service sind Sie rechtlich gut abgesichert. Wir unterst\u00fctzen Sie beginnend mit einer umfangreichen Beratung, untersuchen Ihre Geb\u00e4ude, fertigen Schwachstellenanalysen, Gef\u00e4hrdungsanalysen und Risikobetrachtungen an. Dar\u00fcber hinaus koordinieren wir alle weiteren Ma\u00dfnahmen wir Beprobungen und eine m\u00f6gliche Zertifizierung f\u00fcr Ihr Geb\u00e4ude.<\/p>\n<\/div><\/section>\n<div  class='avia-icon-list-container   avia-builder-el-36  el_after_av_textblock  el_before_av_one_full '><ul class='avia-icon-list avia-icon-list-left av-iconlist-big avia_animate_when_almost_visible avia-iconlist-animate'>\n<li><div  class='iconlist_icon  avia-font-entypo-fontello'><span class='iconlist-char ' aria-hidden='true' data-av_icon='\ue80a' data-av_iconfont='entypo-fontello'><\/span><\/div><article class=\"article-icon-entry \"  itemscope=\"itemscope\" itemtype=\"https:\/\/schema.org\/CreativeWork\" ><div class='iconlist_content_wrap'><header class=\"entry-content-header\"><h4 class='av_iconlist_title iconlist_title   '  itemprop=\"headline\"  >BERATUNG & ANALYSE<\/h4><\/header><div class='iconlist_content  '  itemprop=\"text\"  ><p>In einem ersten Schritt beraten wir Sie umfangreich zu Ihrem Anliegen und den erforderlichen Ma\u00dfnahmen \u2013 um diese dann \u2013 effektiv und bedarfsgerecht umsetzen zu k\u00f6nnen.<\/p>\n<\/div><\/div><footer class=\"entry-footer\"><\/footer><\/article><div class='iconlist-timeline'><\/div><\/li>\n<li><div  class='iconlist_icon  avia-font-entypo-fontello'><span class='iconlist-char ' aria-hidden='true' data-av_icon='\ue803' data-av_iconfont='entypo-fontello'><\/span><\/div><article class=\"article-icon-entry \"  itemscope=\"itemscope\" itemtype=\"https:\/\/schema.org\/CreativeWork\" ><div class='iconlist_content_wrap'><header class=\"entry-content-header\"><h4 class='av_iconlist_title iconlist_title   '  itemprop=\"headline\"  >GEB\u00c4UDEUNTERSUCHUNG<\/h4><\/header><div class='iconlist_content  '  itemprop=\"text\"  ><p>Wir untersuchen anschlie\u00dfend Ihre Liegenschaften auf Schwachstellen und erstellen daraufhin eine umfangreiche Schwachstellenanalyse.<\/p>\n<\/div><\/div><footer class=\"entry-footer\"><\/footer><\/article><div class='iconlist-timeline'><\/div><\/li>\n<li><div  class='iconlist_icon  avia-font-entypo-fontello'><span class='iconlist-char ' aria-hidden='true' data-av_icon='\ue8cd' data-av_iconfont='entypo-fontello'><\/span><\/div><article class=\"article-icon-entry \"  itemscope=\"itemscope\" itemtype=\"https:\/\/schema.org\/CreativeWork\" ><div class='iconlist_content_wrap'><header class=\"entry-content-header\"><h4 class='av_iconlist_title iconlist_title   '  itemprop=\"headline\"  >TRINKWASSERPROBEN<\/h4><\/header><div class='iconlist_content  '  itemprop=\"text\"  ><p>Im dritten Schritt koordinieren wir die Beprobung und bewerten bei Bedarf die Ergebnisse f\u00fcr zielf\u00fchrende L\u00f6sungen.<\/p>\n<\/div><\/div><footer class=\"entry-footer\"><\/footer><\/article><div class='iconlist-timeline'><\/div><\/li>\n<li><div  class='iconlist_icon  avia-font-entypo-fontello'><span class='iconlist-char ' aria-hidden='true' data-av_icon='\ue808' data-av_iconfont='entypo-fontello'><\/span><\/div><article class=\"article-icon-entry \"  itemscope=\"itemscope\" itemtype=\"https:\/\/schema.org\/CreativeWork\" ><div class='iconlist_content_wrap'><header class=\"entry-content-header\"><h4 class='av_iconlist_title iconlist_title   '  itemprop=\"headline\"  >ZERTIFIZIERUNG<\/h4><\/header><div class='iconlist_content  '  itemprop=\"text\"  ><p>Bei erfolgreichen Umbauma\u00dfnahmen und einer positiven Trinkwasseruntersuchung erstellen wir f\u00fcr Sie ein Zertifikat, was die Unbedenklichkeit Ihre Geb\u00e4udeinstallation best\u00e4tigt.<\/p>\n<\/div><\/div><footer class=\"entry-footer\"><\/footer><\/article><div class='iconlist-timeline'><\/div><\/li>\n<\/ul><\/div>\n<div class=\"flex_column av_one_full  flex_column_div first  avia-builder-el-37  el_after_av_iconlist  avia-builder-el-last  \" ><div   class='av_promobox  avia-button-yes   avia-builder-el-38  avia-builder-el-no-sibling '>\t\t<div class='avia-promocontent'><p>\nD\u00fcrfen wir Sie beraten? Senden Sie uns jetzt kostenlos und unverbindlich Ihre Anfrage.<\/p>\n<\/div><div  class='avia-button-wrap avia-button-right ' ><a href='https:\/\/new.gefaehrdungsanalyse.org\/?page_id=1167'  class='avia-button   avia-icon_select-yes-left-icon avia-color-theme-color avia-size-large avia-position-right '   ><span class='avia_button_icon avia_button_icon_left ' aria-hidden='true' data-av_icon='\ue87d' data-av_iconfont='entypo-fontello'><\/span><span class='avia_iconbox_title' >Jetzt beraten lassen<\/span><\/a><\/div><\/div><\/div>\n","protected":false},"excerpt":{"rendered":"","protected":false},"author":1,"featured_media":0,"parent":0,"menu_order":0,"comment_status":"open","ping_status":"open","template":"","meta":{"_bbp_topic_count":0,"_bbp_reply_count":0,"_bbp_total_topic_count":0,"_bbp_total_reply_count":0,"_bbp_voice_count":0,"_bbp_anonymous_reply_count":0,"_bbp_topic_count_hidden":0,"_bbp_reply_count_hidden":0,"_bbp_forum_subforum_count":0,"footnotes":""},"class_list":["post-3007","page","type-page","status-publish","hentry"],"_links":{"self":[{"href":"https:\/\/new.gefaehrdungsanalyse.org\/index.php?rest_route=\/wp\/v2\/pages\/3007","targetHints":{"allow":["GET"]}}],"collection":[{"href":"https:\/\/new.gefaehrdungsanalyse.org\/index.php?rest_route=\/wp\/v2\/pages"}],"about":[{"href":"https:\/\/new.gefaehrdungsanalyse.org\/index.php?rest_route=\/wp\/v2\/types\/page"}],"author":[{"embeddable":true,"href":"https:\/\/new.gefaehrdungsanalyse.org\/index.php?rest_route=\/wp\/v2\/users\/1"}],"replies":[{"embeddable":true,"href":"https:\/\/new.gefaehrdungsanalyse.org\/index.php?rest_route=%2Fwp%2Fv2%2Fcomments&post=3007"}],"version-history":[{"count":35,"href":"https:\/\/new.gefaehrdungsanalyse.org\/index.php?rest_route=\/wp\/v2\/pages\/3007\/revisions"}],"predecessor-version":[{"id":3749,"href":"https:\/\/new.gefaehrdungsanalyse.org\/index.php?rest_route=\/wp\/v2\/pages\/3007\/revisions\/3749"}],"wp:attachment":[{"href":"https:\/\/new.gefaehrdungsanalyse.org\/index.php?rest_route=%2Fwp%2Fv2%2Fmedia&parent=3007"}],"curies":[{"name":"wp","href":"https:\/\/api.w.org\/{rel}","templated":true}]}}