{"id":3031,"date":"2014-02-15T15:28:02","date_gmt":"2014-02-15T15:28:02","guid":{"rendered":"http:\/\/gefaehrdungsanalyse.org\/?page_id=3031"},"modified":"2025-12-23T13:20:31","modified_gmt":"2025-12-23T13:20:31","slug":"gefaehrdungsanalysen","status":"publish","type":"page","link":"https:\/\/new.gefaehrdungsanalyse.org\/?page_id=3031","title":{"rendered":"Gef\u00e4hrdungsanalysen"},"content":{"rendered":"<div id='layer_slider_1'  class='avia-layerslider main_color avia-shadow  avia-builder-el-0  el_before_av_one_full  avia-builder-el-first  container_wrap sidebar_right' style='  height: 221px; max-width: 1140px; margin: 0 auto;' ><\/div><div id='after_layer_slider_1'  class='main_color av_default_container_wrap container_wrap sidebar_right' style=' '  ><div class='container' ><div class='template-page content  av-content-small alpha units'><div class='post-entry post-entry-type-page post-entry-3031'><div class='entry-content-wrapper clearfix'>\n<div class=\"flex_column av_one_full  flex_column_div first  avia-builder-el-1  el_after_av_layerslider  el_before_av_hr  avia-builder-el-first  \" ><section class=\"av_textblock_section \"  itemscope=\"itemscope\" itemtype=\"https:\/\/schema.org\/CreativeWork\" ><div class='avia_textblock  '   itemprop=\"text\" ><h2>GEF\u00c4HRDUNGSANALYSE \/ RISIKOABSCH\u00c4TZUNG<\/h2>\n<\/div><\/section><br \/>\n<div  style='padding-bottom:10px; color:#666666;' class='av-special-heading av-special-heading-h5 custom-color-heading   avia-builder-el-3  el_after_av_textblock  el_before_av_hr  '><h5 class='av-special-heading-tag '  itemprop=\"headline\"  >Alle kritischen Punkte werden von uns in einem detaillierten Report erfasst und bewertet. Anhand von Bildern, Pl\u00e4nen und Diagrammen werden s\u00e4mtliche Schwachstellen von A bis Z im Geb\u00e4ude dokumentiert und m\u00f6gliche Ma\u00dfnahmen zur Gefahrenbeseitigung erarbeitet.<\/h5><div class='special-heading-border'><div class='special-heading-inner-border' style='border-color:#666666'><\/div><\/div><\/div><br \/>\n<div   class='hr hr-short hr-center   avia-builder-el-4  el_after_av_heading  el_before_av_textblock '><span class='hr-inner ' ><span class='hr-inner-style'><\/span><\/span><\/div><br \/>\n<section class=\"av_textblock_section \"  itemscope=\"itemscope\" itemtype=\"https:\/\/schema.org\/CreativeWork\" ><div class='avia_textblock  '   itemprop=\"text\" ><p><span class=\"av_dropcap1 \" style=\"background-color:default\">D<\/span>ie Einhaltung der Vorgaben durch die Arbeitsbl\u00e4tter des DVGW, der DIN und EN Normen werden mit dem Betreiber und seinem Mitarbeitern bzw. der ausf\u00fchrenden Firma abgestimmt und terminiert. Die Umsetzung und Einhaltung wird gemeinsam mit dem Betreiber \u00fcberwacht. Ziel ist es, m\u00f6glichst alle Risiken und Unannehmlichkeiten durch einen schlechten Befund einer Wasseranalyse zu vermeiden.<\/p>\n<\/div><\/section><br \/>\n<div   class='hr hr-short hr-center   avia-builder-el-6  el_after_av_textblock  el_before_av_textblock '><span class='hr-inner ' ><span class='hr-inner-style'><\/span><\/span><\/div><br \/>\n<section class=\"av_textblock_section \"  itemscope=\"itemscope\" itemtype=\"https:\/\/schema.org\/CreativeWork\" ><div class='avia_textblock  '   itemprop=\"text\" ><h3>Unsere Leistung f\u00fcr Sie: Ein detaillierter Report \u00fcber s\u00e4mtliche Risiken<\/h3>\n<\/div><\/section><br \/>\n<div   data-size='entry_with_sidebar'  data-lightbox_size='large'  data-animation='slide'  data-conditional_play=''  data-ids='3161,3163,3165'  data-video_counter='0'  data-autoplay='false'  data-bg_slider='false'  data-slide_height=''  data-handle='av_slideshow'  data-interval='5'  data-class=' avia-builder-el-8  el_after_av_textblock  avia-builder-el-last  '  data-el_id=''  data-css_id=''  data-scroll_down=''  data-control_layout='av-control-default'  data-custom_markup=''  data-perma_caption=''  data-autoplay_stopper=''  data-image_attachment=''  data-min_height='0px'  data-default-height='37.988165680473'  class='avia-slideshow avia-slideshow-1  av-control-default av-default-height-applied avia-slideshow-entry_with_sidebar av_slideshow  avia-builder-el-8  el_after_av_textblock  avia-builder-el-last   avia-slide-slider '  itemprop=\"image\" itemscope=\"itemscope\" itemtype=\"https:\/\/schema.org\/ImageObject\" ><ul class='avia-slideshow-inner ' style='padding-bottom: 37.988165680473%;' ><li  class=' slide-1 ' ><div data-rel='slideshow-1' class='avia-slide-wrap '   ><div class=\"avia-caption av-slideshow-caption\"><div class=\"avia-inner-caption\"><div class='avia-caption-content  '  itemprop=\"description\"  ><p>Der Report enth\u00e4lt Diagramme und Pl\u00e4ne der Trinkwasseranlagen&#8230;<\/p>\n<\/div><\/div><\/div><img src='https:\/\/new.gefaehrdungsanalyse.org\/wp-content\/uploads\/2014\/02\/Gef\u00e4hrdungsanalyse-documentation5.jpg' width='845' height='321' title='Gef\u00e4hrdungsanalyse-documentation5' alt=''  itemprop=\"thumbnailUrl\"   \/><\/div><\/li><li  class=' slide-2 ' ><div data-rel='slideshow-1' class='avia-slide-wrap '   ><div class=\"avia-caption av-slideshow-caption\"><div class=\"avia-inner-caption\"><div class='avia-caption-content  '  itemprop=\"description\"  ><p>&#8230;au\u00dferdem umfangreiche Bilderdokumentationen \u00fcber die Mess- und Entnahmestellen&#8230;<\/p>\n<\/div><\/div><\/div><img src='https:\/\/new.gefaehrdungsanalyse.org\/wp-content\/uploads\/2014\/02\/Gef\u00e4hrdungsanalyse-documentation1.jpg' width='845' height='321' title='Gef\u00e4hrdungsanalyse-documentation1' alt=''  itemprop=\"thumbnailUrl\"   \/><\/div><\/li><li  class=' slide-3 ' ><div data-rel='slideshow-1' class='avia-slide-wrap '   ><div class=\"avia-caption av-slideshow-caption\"><div class=\"avia-inner-caption\"><div class='avia-caption-content  '  itemprop=\"description\"  ><p>&#8230;detaillierte Ansichten des Geb\u00e4udes bzw. der kritischen Stellen in der Hausinstallation&#8230;<\/p>\n<\/div><\/div><\/div><img src='https:\/\/new.gefaehrdungsanalyse.org\/wp-content\/uploads\/2014\/02\/Gef\u00e4hrdungsanalyse-documentation3.jpg' width='845' height='321' title='Gef\u00e4hrdungsanalyse-documentation3' alt=''  itemprop=\"thumbnailUrl\"   \/><\/div><\/li><\/ul><div class='avia-slideshow-arrows avia-slideshow-controls'><a href='#prev' class='prev-slide' aria-hidden='true' data-av_icon='\ue87c' data-av_iconfont='entypo-fontello'>Previous<\/a><a href='#next' class='next-slide' aria-hidden='true' data-av_icon='\ue87d' data-av_iconfont='entypo-fontello'>Next<\/a><\/div><div class='avia-slideshow-dots avia-slideshow-controls'><a href='#1' class='goto-slide active' >1<\/a><a href='#2' class='goto-slide ' >2<\/a><a href='#3' class='goto-slide ' >3<\/a><\/div><\/div><\/p><\/div><div   class='hr hr-short hr-center   avia-builder-el-9  el_after_av_one_full  el_before_av_promobox '><span class='hr-inner ' ><span class='hr-inner-style'><\/span><\/span><\/div><\/p>\n\t<div   class='av_promobox  avia-button-yes   avia-builder-el-10  el_after_av_hr  avia-builder-el-last '>\t\t<div class='avia-promocontent'><p>\nD\u00fcrfen wir Sie beraten? Senden Sie uns jetzt kostenlos und unverbindlich Ihre Anfrage.<\/p>\n<\/div><div  class='avia-button-wrap avia-button-right ' ><a href='https:\/\/new.gefaehrdungsanalyse.org\/?page_id=1167'  class='avia-button   avia-icon_select-yes-left-icon avia-color-theme-color avia-size-large avia-position-right '   ><span class='avia_button_icon avia_button_icon_left ' aria-hidden='true' data-av_icon='\ue87d' data-av_iconfont='entypo-fontello'><\/span><span class='avia_iconbox_title' >Jetzt beraten lassen<\/span><\/a><\/div><\/div>\n","protected":false},"excerpt":{"rendered":"","protected":false},"author":1,"featured_media":0,"parent":3007,"menu_order":0,"comment_status":"open","ping_status":"open","template":"","meta":{"_bbp_topic_count":0,"_bbp_reply_count":0,"_bbp_total_topic_count":0,"_bbp_total_reply_count":0,"_bbp_voice_count":0,"_bbp_anonymous_reply_count":0,"_bbp_topic_count_hidden":0,"_bbp_reply_count_hidden":0,"_bbp_forum_subforum_count":0,"footnotes":""},"class_list":["post-3031","page","type-page","status-publish","hentry"],"_links":{"self":[{"href":"https:\/\/new.gefaehrdungsanalyse.org\/index.php?rest_route=\/wp\/v2\/pages\/3031","targetHints":{"allow":["GET"]}}],"collection":[{"href":"https:\/\/new.gefaehrdungsanalyse.org\/index.php?rest_route=\/wp\/v2\/pages"}],"about":[{"href":"https:\/\/new.gefaehrdungsanalyse.org\/index.php?rest_route=\/wp\/v2\/types\/page"}],"author":[{"embeddable":true,"href":"https:\/\/new.gefaehrdungsanalyse.org\/index.php?rest_route=\/wp\/v2\/users\/1"}],"replies":[{"embeddable":true,"href":"https:\/\/new.gefaehrdungsanalyse.org\/index.php?rest_route=%2Fwp%2Fv2%2Fcomments&post=3031"}],"version-history":[{"count":32,"href":"https:\/\/new.gefaehrdungsanalyse.org\/index.php?rest_route=\/wp\/v2\/pages\/3031\/revisions"}],"predecessor-version":[{"id":3781,"href":"https:\/\/new.gefaehrdungsanalyse.org\/index.php?rest_route=\/wp\/v2\/pages\/3031\/revisions\/3781"}],"up":[{"embeddable":true,"href":"https:\/\/new.gefaehrdungsanalyse.org\/index.php?rest_route=\/wp\/v2\/pages\/3007"}],"wp:attachment":[{"href":"https:\/\/new.gefaehrdungsanalyse.org\/index.php?rest_route=%2Fwp%2Fv2%2Fmedia&parent=3031"}],"curies":[{"name":"wp","href":"https:\/\/api.w.org\/{rel}","templated":true}]}}