{"id":3111,"date":"2014-02-15T20:44:31","date_gmt":"2014-02-15T20:44:31","guid":{"rendered":"http:\/\/gefaehrdungsanalyse.org\/?page_id=3111"},"modified":"2025-12-23T11:51:41","modified_gmt":"2025-12-23T11:51:41","slug":"trinkwasserverordnung","status":"publish","type":"page","link":"https:\/\/new.gefaehrdungsanalyse.org\/?page_id=3111","title":{"rendered":"Trinkwasserverordnung"},"content":{"rendered":"<div id='layer_slider_1'  class='avia-layerslider main_color avia-shadow  avia-builder-el-0  el_before_av_textblock  avia-builder-el-first  container_wrap sidebar_right' style='  height: 221px; max-width: 1140px; margin: 0 auto;' ><\/div><div id='after_layer_slider_1'  class='main_color av_default_container_wrap container_wrap sidebar_right' style=' '  ><div class='container' ><div class='template-page content  av-content-small alpha units'><div class='post-entry post-entry-type-page post-entry-3111'><div class='entry-content-wrapper clearfix'>\n<section class=\"av_textblock_section \"  itemscope=\"itemscope\" itemtype=\"https:\/\/schema.org\/CreativeWork\" ><div class='avia_textblock  '   itemprop=\"text\" ><h2>DIE NEUE TRINKWASSERVERORDNUNG<\/h2>\n<\/div><\/section>\n<div  style='padding-bottom:10px; color:#666666;' class='av-special-heading av-special-heading-h5 custom-color-heading   avia-builder-el-2  el_after_av_textblock  el_before_av_hr  '><h5 class='av-special-heading-tag '  itemprop=\"headline\"  >Die Trinkwasserverordnung soll die Qualit\u00e4t des Wassers sch\u00fctzen und verbessern. Sie basiert auf dem deutschen Infektionsschutz-Gesetz und der EG-Trinkwasserrichtlinie.<\/h5><div class='special-heading-border'><div class='special-heading-inner-border' style='border-color:#666666'><\/div><\/div><\/div>\n<div   class='hr hr-short hr-center   avia-builder-el-3  el_after_av_heading  el_before_av_textblock '><span class='hr-inner ' ><span class='hr-inner-style'><\/span><\/span><\/div>\n<section class=\"av_textblock_section \"  itemscope=\"itemscope\" itemtype=\"https:\/\/schema.org\/CreativeWork\" ><div class='avia_textblock  '   itemprop=\"text\" ><p>Die <strong>Trinkwasserverordnung (TrinkwV<\/strong>) aus den Jahren 2001 bzw. 2023 wurde im Jahr 2011 novelliert und fordert u. a. weitergehende pr\u00e4ventive\u00a0 Untersuchungspflichten von Trinkwasseranlagen. Mit der neuen Trinkwasserverordnung 2023 wurden diese Verpflichtungen und Verantwortlichkeiten noch deutlicher klargestellt.<\/p>\n<p>Die Bestimmungen der TrinkwV sollen sicherstellen, dass im Trinkwasser weder gesundheitssch\u00e4dliche mikrobiologische Krankheitserreger noch gesundheitssch\u00e4dliche chemische Stoffen enthalten sind (\u00a75 bis \u00a79 TrinkwV).<\/p>\n<\/div><\/section>\n<div   data-autoplay='1'  data-interval='5'  data-animation='fade'  data-hoverpause='1'  class='avia-testimonial-wrapper avia-grid-testimonials avia-grid-2-testimonials avia_animate_when_almost_visible   '>\n<section class ='avia-testimonial-row'><div class='avia-testimonial av_one_half flex_column no_margin avia-testimonial-row-1 avia-first-testimonial' ><div class='avia-testimonial_inner'  itemscope=\"itemscope\" itemtype=\"https:\/\/schema.org\/CreativeWork\" ><div class='avia-testimonial-image'  itemprop=\"image\"  style='background-image:url(https:\/\/new.gefaehrdungsanalyse.org\/wp-content\/uploads\/2014\/02\/Trinkwassergesetz-teaser1-180x180.jpg);'><\/div><div class='avia-testimonial-content '  ><div class='avia-testimonial-markup-entry-content'  itemprop=\"text\" ><blockquote>\n<p>&#8220;Zweck der Verordnung ist es, die menschliche Gesundheit vor den nachteiligen Einfl\u00fcssen, die sich aus der Verunreinigung von Wasser ergeben, das f\u00fcr den menschlichen Gebrauch bestimmt ist, durch Gew\u00e4hrleistung seiner Genusstauglichkeit und Reinheit nach Ma\u00dfgabe der folgenden Vorschriften zu sch\u00fctzen.&#8221;<\/p>\n<\/blockquote>\n<\/div><\/div><div class='avia-testimonial-meta'><div class='avia-testimonial-arrow-wrap'><div class='avia-arrow'><\/div><\/div><div class='avia-testimonial-meta-mini'  itemprop=\"author\" itemscope=\"itemscope\" itemtype=\"https:\/\/schema.org\/Person\" ><strong  class='avia-testimonial-name'    itemprop=\"name\" >Auszug aus der Trinkwasserverordnung<\/strong><span class='hidden avia-testimonial-markup-link'  itemprop=\"url\" >http:\/\/www.gesetze-im-internet.de\/trinkwv_2001\/BJNR095910001.html<\/span><a class='aviablank avia-testimonial-link' href='http:\/\/www.gesetze-im-internet.de\/trinkwv_2001\/BJNR095910001.html' >Webseite des Bundesministeriums (Justiz und Verbraucherschutz)<\/a><\/div><\/div><\/div><\/div>\n<\/section><\/div>\n<section class=\"av_textblock_section \"  itemscope=\"itemscope\" itemtype=\"https:\/\/schema.org\/CreativeWork\" ><div class='avia_textblock  '   itemprop=\"text\" ><p>Die Anforderungen gilt als erf\u00fcllt, wenn bei der Wasseraufbereitung und der<b> Wasserverteilung <\/b>mindestens die a.a.R.d.T. (allgemein anerkannte Regeln der Technik) eingehalten werden und das Trinkwasser den Anforderungen der \u00a75 bis \u00a79 der TrinkwV entspricht. D.h. mit anderen Worten, auch wenn eine Trinkwasseranlage nicht kontaminiert ist, muss beim Betrieb der Anlage die a.a.R.d.T eingehalten werden. Hierzu z\u00e4hlen alle Normen, DVGW Arbeitsbl\u00e4tter, Vorgaben und Richtlinien betreffend der Trinkwasserverordnung.<\/p>\n<p>Die Vorgaben der gesetzlichen Grenzwerte der Trinkwasserverordnung gelten gleicherma\u00dfen f\u00fcr warmes wie kaltes Wasser. Je nach Erf\u00fcllung der geforderten Vorgaben \u00fcber die betreffenden Regelwerke (DIN ISO EN 1988 , EN 806) gilt Wasser nur dann als Warmwasser, wenn die betreffende Endstelle innerhalb von 30 Sekunden Wasser mit einer Temperatur <span style=\"text-decoration: underline;\">&gt;<\/span>55\u00b0C liefert. Kaltwasser hingegen muss innerhalb von 30 Sekunden eine Temperatur von <span style=\"text-decoration: underline;\">&lt;<\/span> 25\u00b0C haben. Liegt der Wert dar\u00fcber, so handelt es sich nicht um Kaltwasser und es gelten die Vorgaben f\u00fcr Warmwasser. Insbesondere in \u00e4lteren Geb\u00e4uden oder Objekten mit einer mangelhaften Leitungsisolierung (Trennung von Warm- und Kaltwasser), ist das Risiko einer Kontaminierung des Kaltwassers sehr hoch.<\/p>\n<\/div><\/section>\n<div   class='hr hr-short hr-center   avia-builder-el-7  el_after_av_textblock  el_before_av_textblock '><span class='hr-inner ' ><span class='hr-inner-style'><\/span><\/span><\/div>\n<section class=\"av_textblock_section \"  itemscope=\"itemscope\" itemtype=\"https:\/\/schema.org\/CreativeWork\" ><div class='avia_textblock  '   itemprop=\"text\" ><h3>Ist Ihre Hausinstallation ebenfalls betroffen?<\/h3>\n<\/div><\/section>\n<div class=\"flex_column av_one_half  flex_column_div first  avia-builder-el-9  el_after_av_textblock  el_before_av_one_half  column-top-margin\" ><div  class='avia-image-container  av-styling-    avia-builder-el-10  avia-builder-el-no-sibling  avia-align-center '  itemprop=\"image\" itemscope=\"itemscope\" itemtype=\"https:\/\/schema.org\/ImageObject\"  ><div class='avia-image-container-inner'><div class='avia-image-overlay-wrap'><img class='avia_image' src='http:\/\/new.gefaehrdungsanalyse.org\/wp-content\/uploads\/2014\/02\/Diagramm-Untersuchungspflicht.jpg' alt='' title='Diagramm Untersuchungspflicht'   itemprop=\"thumbnailUrl\"  \/><\/div><\/div><\/div><\/div>\n<div class=\"flex_column av_one_half  flex_column_div   avia-builder-el-11  el_after_av_one_half  el_before_av_hr  column-top-margin\" ><section class=\"av_textblock_section \"  itemscope=\"itemscope\" itemtype=\"https:\/\/schema.org\/CreativeWork\" ><div class='avia_textblock  '   itemprop=\"text\" ><p>Anhand dieser einfachen Grafik k\u00f6nnen Sie \u00fcberpr\u00fcfen, ob ihr Objekt unter die Untersuchungspflicht f\u00e4llt.<\/p>\n<p>Mit der Novellierung der Trinkwasserverordnung in 2011 sind praktisch alle Hotels, Pensionen, Altenheime, Wohnungsbaugesellschaften, Industrieunternehmen, Sporthallen, Fitnesscenter, Gewerbebetriebe etc.<strong> verpflichtet, ihre Hausinstallation regelm\u00e4\u00dfig auf Legionellen untersuchen zu lassen. <\/strong>Die neue Trinkwasserverordnung aus Juni 2023 stellt die Verantwortlichkeiten noch deutlicher klar.<\/p>\n<h5>Bei Nichteinhaltung drohen hohe Strafen.<\/h5>\n<p>Der Betreiber hat seine Trinkwasseranlage nach den allgemein anerkannten Regeln der Technik (a.a.R.d.T.) zu betreiben. Eine Nichteinhaltung dieser Pflicht wird bei den Gerichten als grob fahrl\u00e4ssig eingestuft. Falls Personen dadurch zu Schaden kommen, sind zivilrechtliche und strafrechtliche Konsequenzen die Folgen. F\u00fcr Fahrl\u00e4ssigkeiten <strong>drohen bis zu 5 Jahre und f\u00fcr vors\u00e4tzlich verschuldete Sch\u00e4den sogar bis zu 10 Jahre Gef\u00e4ngnis<\/strong> f\u00fcr den Betreiber bzw. die fachverantwortlichen Mitarbeiter.<\/p>\n<\/div><\/section><\/div><div  style='height:1px; margin-top:0px'  class='hr hr-invisible   avia-builder-el-13  el_after_av_one_half  el_before_av_notification '><span class='hr-inner ' ><span class='hr-inner-style'><\/span><\/span><\/div><\/p>\n<div id='avia-messagebox-' class='avia_message_box  avia-color-red avia-size-large avia-icon_select-yes avia-border-  avia-builder-el-14  el_after_av_hr  el_before_av_hr '><span class='avia_message_box_title' >Hinweis: Verletzung der allgemeinen Verkehrspflicht<\/span><div class='avia_message_box_content' ><span class='avia_message_box_icon' aria-hidden='true' data-av_icon='\ue83e' data-av_iconfont='entypo-fontello'><\/span><p>Falls Teilbereiche der Trinkwasserverordnung in bestimmten F\u00e4llen keine Anwendung finden, kann der Betreiber gleicherma\u00dfen auf Grund anderer Gesetze und Vorgaben (BGB, StGB, Arbeitsst\u00e4ttenverordnung, RKI-Richtlinie usw.) zivilrechtlich wie auch strafrechtlich haften. Sobald der Betreiber seine allgemeine Verkehrspflicht verletzt, greifen derartige gesetzliche Regelungen. Daher reicht oft die blo\u00dfe Einhaltung der Vorgaben des Infektionsschutzgesetzes und der Trinkwasserverordnung alleine nicht aus. Der Experte kann hier die notwendigen Informationen bieten, damit der Betreiber seine Anlagen rechtssicher betreibt und vor Anspr\u00fcchen Dritter weitgehend gesch\u00fctzt bleibt.<\/p>\n<\/div><\/div>\n<div   class='hr hr-short hr-center   avia-builder-el-15  el_after_av_notification  el_before_av_textblock '><span class='hr-inner ' ><span class='hr-inner-style'><\/span><\/span><\/div>\n<section class=\"av_textblock_section \"  itemscope=\"itemscope\" itemtype=\"https:\/\/schema.org\/CreativeWork\" ><div class='avia_textblock  '   itemprop=\"text\" ><h3>Handeln Sie jetzt!<\/h3>\n<\/div><\/section>\n\t<div   class='av_promobox  avia-button-yes   avia-builder-el-17  el_after_av_textblock  avia-builder-el-last '>\t\t<div class='avia-promocontent'><p>\nIst Ihre Hausinstallation betroffen? Dann stellen Sie doch einfach kostenlos und unverbindliche eine Anfrage. Wir werden uns daraufhin schnellstm\u00f6glich mit Ihnen in Verbindung setzen.<\/p>\n<\/div><div  class='avia-button-wrap avia-button-right ' ><a href='https:\/\/new.gefaehrdungsanalyse.org\/?page_id=1167'  class='avia-button   avia-icon_select-yes-left-icon avia-color-theme-color avia-size-large avia-position-right '   ><span class='avia_button_icon avia_button_icon_left ' aria-hidden='true' data-av_icon='\ue87d' data-av_iconfont='entypo-fontello'><\/span><span class='avia_iconbox_title' >Jetzt beraten lassen<\/span><\/a><\/div><\/div>\n","protected":false},"excerpt":{"rendered":"","protected":false},"author":1,"featured_media":0,"parent":3051,"menu_order":0,"comment_status":"open","ping_status":"open","template":"","meta":{"_bbp_topic_count":0,"_bbp_reply_count":0,"_bbp_total_topic_count":0,"_bbp_total_reply_count":0,"_bbp_voice_count":0,"_bbp_anonymous_reply_count":0,"_bbp_topic_count_hidden":0,"_bbp_reply_count_hidden":0,"_bbp_forum_subforum_count":0,"footnotes":""},"class_list":["post-3111","page","type-page","status-publish","hentry"],"_links":{"self":[{"href":"https:\/\/new.gefaehrdungsanalyse.org\/index.php?rest_route=\/wp\/v2\/pages\/3111","targetHints":{"allow":["GET"]}}],"collection":[{"href":"https:\/\/new.gefaehrdungsanalyse.org\/index.php?rest_route=\/wp\/v2\/pages"}],"about":[{"href":"https:\/\/new.gefaehrdungsanalyse.org\/index.php?rest_route=\/wp\/v2\/types\/page"}],"author":[{"embeddable":true,"href":"https:\/\/new.gefaehrdungsanalyse.org\/index.php?rest_route=\/wp\/v2\/users\/1"}],"replies":[{"embeddable":true,"href":"https:\/\/new.gefaehrdungsanalyse.org\/index.php?rest_route=%2Fwp%2Fv2%2Fcomments&post=3111"}],"version-history":[{"count":35,"href":"https:\/\/new.gefaehrdungsanalyse.org\/index.php?rest_route=\/wp\/v2\/pages\/3111\/revisions"}],"predecessor-version":[{"id":3730,"href":"https:\/\/new.gefaehrdungsanalyse.org\/index.php?rest_route=\/wp\/v2\/pages\/3111\/revisions\/3730"}],"up":[{"embeddable":true,"href":"https:\/\/new.gefaehrdungsanalyse.org\/index.php?rest_route=\/wp\/v2\/pages\/3051"}],"wp:attachment":[{"href":"https:\/\/new.gefaehrdungsanalyse.org\/index.php?rest_route=%2Fwp%2Fv2%2Fmedia&parent=3111"}],"curies":[{"name":"wp","href":"https:\/\/api.w.org\/{rel}","templated":true}]}}