{"id":3285,"date":"2014-02-16T20:39:31","date_gmt":"2014-02-16T20:39:31","guid":{"rendered":"http:\/\/gefaehrdungsanalyse.org\/?page_id=3285"},"modified":"2014-02-24T22:54:05","modified_gmt":"2014-02-24T22:54:05","slug":"camping-und-freizeit","status":"publish","type":"page","link":"https:\/\/new.gefaehrdungsanalyse.org\/?page_id=3285","title":{"rendered":"Camping und Freizeit"},"content":{"rendered":"<div id='layer_slider_1'  class='avia-layerslider main_color avia-shadow  avia-builder-el-0  el_before_av_textblock  avia-builder-el-first  container_wrap sidebar_right' style='  height: 221px; max-width: 1140px; margin: 0 auto;' ><\/div><div id='after_layer_slider_1'  class='main_color av_default_container_wrap container_wrap sidebar_right' style=' '  ><div class='container' ><div class='template-page content  av-content-small alpha units'><div class='post-entry post-entry-type-page post-entry-3285'><div class='entry-content-wrapper clearfix'>\n<section class=\"av_textblock_section \"  itemscope=\"itemscope\" itemtype=\"https:\/\/schema.org\/CreativeWork\" ><div class='avia_textblock  '   itemprop=\"text\" ><h2>CAMPING UND FREIZEIT<\/h2>\n<\/div><\/section>\n<div class=\"flex_column av_one_full  flex_column_div first  avia-builder-el-2  el_after_av_textblock  el_before_av_heading  column-top-margin\" ><div  class='avia-image-container  av-styling-    avia-builder-el-3  avia-builder-el-no-sibling  avia-align-left '  itemprop=\"image\" itemscope=\"itemscope\" itemtype=\"https:\/\/schema.org\/ImageObject\"  ><div class='avia-image-container-inner'><div class='avia-image-overlay-wrap'><img class='avia_image' src='http:\/\/new.gefaehrdungsanalyse.org\/wp-content\/uploads\/2014\/02\/camping1.jpg' alt='' title='camping1'   itemprop=\"thumbnailUrl\"  \/><\/div><\/div><\/div><\/div>\n<div  style='padding-bottom:10px; color:#6666666;' class='av-special-heading av-special-heading-h5 custom-color-heading   avia-builder-el-4  el_after_av_one_full  el_before_av_hr  '><h5 class='av-special-heading-tag '  itemprop=\"headline\"  >Die gr\u00f6\u00dften Risiken, sich mit Legionellen zu infizieren, bestehen in der Vor- und Nachsaison. Weniger Betrieb erh\u00f6ht die Wasserstagnation und f\u00f6rdert das Keim-Wachstum.<\/h5><div class='special-heading-border'><div class='special-heading-inner-border' style='border-color:#6666666'><\/div><\/div><\/div>\n<div   class='hr hr-short hr-center   avia-builder-el-5  el_after_av_heading  el_before_av_one_third '><span class='hr-inner ' ><span class='hr-inner-style'><\/span><\/span><\/div>\n<div class=\"flex_column av_one_third  flex_column_div first  avia-builder-el-6  el_after_av_hr  el_before_av_two_third  \" ><div  class='avia-image-container  av-styling-    avia-builder-el-7  avia-builder-el-no-sibling  avia-align-center '  itemprop=\"image\" itemscope=\"itemscope\" itemtype=\"https:\/\/schema.org\/ImageObject\"  ><div class='avia-image-container-inner'><div class='avia-image-overlay-wrap'><img class='avia_image' src='http:\/\/new.gefaehrdungsanalyse.org\/wp-content\/uploads\/2014\/02\/camping2.jpg' alt='' title='camping2'   itemprop=\"thumbnailUrl\"  \/><\/div><\/div><\/div><\/div>\n<div class=\"flex_column av_two_third  flex_column_div   avia-builder-el-8  el_after_av_one_third  el_before_av_promobox  \" ><section class=\"av_textblock_section \"  itemscope=\"itemscope\" itemtype=\"https:\/\/schema.org\/CreativeWork\" ><div class='avia_textblock  '   itemprop=\"text\" ><p><span class=\"av_dropcap1 \" >J<\/span>eder Campingplatzbetreiber sollte insbesondere in den Zeiten mit weniger G\u00e4sten seine Duschanlagen und Waschr\u00e4ume ausreichend in \u201eBewegung\u201c halten. Entweder durch automatische Duschen und Wasserarmaturen mit Legionellenschutz (z.B. Lieferant Water &amp; More) oder durch manuelle Sp\u00fclungen. Die Folgen einer Infektion mit Legionellen k\u00f6nnen f\u00fcr den Betreiber fatale Folgen haben. Nutzungseinschr\u00e4nkungen bis hin zum Duschverbot f\u00fcr mehrere Wochen sind hierbei noch die kleinsten Probleme.<\/p>\n<\/div><\/section><\/div>\t<div   class='av_promobox  avia-button-yes   avia-builder-el-10  el_after_av_two_third  avia-builder-el-last '>\t\t<div class='avia-promocontent'><p>\nD\u00fcrfen wir Sie beraten? Senden Sie uns jetzt kostenlos und unverbindlich Ihre Anfrage.<\/p>\n<\/div><div  class='avia-button-wrap avia-button-right ' ><a href='https:\/\/new.gefaehrdungsanalyse.org\/?page_id=1167'  class='avia-button   avia-icon_select-yes-left-icon avia-color-theme-color avia-size-large avia-position-right '   ><span class='avia_button_icon avia_button_icon_left ' aria-hidden='true' data-av_icon='\ue87d' data-av_iconfont='entypo-fontello'><\/span><span class='avia_iconbox_title' >Jetzt beraten lassen<\/span><\/a><\/div><\/div><\/p>\n","protected":false},"excerpt":{"rendered":"","protected":false},"author":1,"featured_media":0,"parent":2969,"menu_order":0,"comment_status":"open","ping_status":"open","template":"","meta":{"_bbp_topic_count":0,"_bbp_reply_count":0,"_bbp_total_topic_count":0,"_bbp_total_reply_count":0,"_bbp_voice_count":0,"_bbp_anonymous_reply_count":0,"_bbp_topic_count_hidden":0,"_bbp_reply_count_hidden":0,"_bbp_forum_subforum_count":0,"footnotes":""},"class_list":["post-3285","page","type-page","status-publish","hentry"],"_links":{"self":[{"href":"https:\/\/new.gefaehrdungsanalyse.org\/index.php?rest_route=\/wp\/v2\/pages\/3285","targetHints":{"allow":["GET"]}}],"collection":[{"href":"https:\/\/new.gefaehrdungsanalyse.org\/index.php?rest_route=\/wp\/v2\/pages"}],"about":[{"href":"https:\/\/new.gefaehrdungsanalyse.org\/index.php?rest_route=\/wp\/v2\/types\/page"}],"author":[{"embeddable":true,"href":"https:\/\/new.gefaehrdungsanalyse.org\/index.php?rest_route=\/wp\/v2\/users\/1"}],"replies":[{"embeddable":true,"href":"https:\/\/new.gefaehrdungsanalyse.org\/index.php?rest_route=%2Fwp%2Fv2%2Fcomments&post=3285"}],"version-history":[{"count":8,"href":"https:\/\/new.gefaehrdungsanalyse.org\/index.php?rest_route=\/wp\/v2\/pages\/3285\/revisions"}],"predecessor-version":[{"id":3609,"href":"https:\/\/new.gefaehrdungsanalyse.org\/index.php?rest_route=\/wp\/v2\/pages\/3285\/revisions\/3609"}],"up":[{"embeddable":true,"href":"https:\/\/new.gefaehrdungsanalyse.org\/index.php?rest_route=\/wp\/v2\/pages\/2969"}],"wp:attachment":[{"href":"https:\/\/new.gefaehrdungsanalyse.org\/index.php?rest_route=%2Fwp%2Fv2%2Fmedia&parent=3285"}],"curies":[{"name":"wp","href":"https:\/\/api.w.org\/{rel}","templated":true}]}}