{"id":3287,"date":"2014-02-16T20:39:50","date_gmt":"2014-02-16T20:39:50","guid":{"rendered":"http:\/\/gefaehrdungsanalyse.org\/?page_id=3287"},"modified":"2014-02-24T22:44:47","modified_gmt":"2014-02-24T22:44:47","slug":"staedte-und-kommunen","status":"publish","type":"page","link":"https:\/\/new.gefaehrdungsanalyse.org\/?page_id=3287","title":{"rendered":"St\u00e4dte und Kommunen"},"content":{"rendered":"<div id='layer_slider_1'  class='avia-layerslider main_color avia-shadow  avia-builder-el-0  el_before_av_textblock  avia-builder-el-first  container_wrap sidebar_right' style='  height: 221px; max-width: 1140px; margin: 0 auto;' ><\/div><div id='after_layer_slider_1'  class='main_color av_default_container_wrap container_wrap sidebar_right' style=' '  ><div class='container' ><div class='template-page content  av-content-small alpha units'><div class='post-entry post-entry-type-page post-entry-3287'><div class='entry-content-wrapper clearfix'>\n<section class=\"av_textblock_section \"  itemscope=\"itemscope\" itemtype=\"https:\/\/schema.org\/CreativeWork\" ><div class='avia_textblock  '   itemprop=\"text\" ><h2>ST\u00c4DTE UND KOMMUNEN<\/h2>\n<\/div><\/section>\n<div class=\"flex_column av_one_full  flex_column_div first  avia-builder-el-2  el_after_av_textblock  el_before_av_heading  column-top-margin\" ><div  class='avia-image-container  av-styling-    avia-builder-el-3  avia-builder-el-no-sibling  avia-align-left '  itemprop=\"image\" itemscope=\"itemscope\" itemtype=\"https:\/\/schema.org\/ImageObject\"  ><div class='avia-image-container-inner'><div class='avia-image-overlay-wrap'><img class='avia_image' src='http:\/\/new.gefaehrdungsanalyse.org\/wp-content\/uploads\/2014\/02\/st\u00e4dte.jpg' alt='' title='st\u00e4dte'   itemprop=\"thumbnailUrl\"  \/><\/div><\/div><\/div><\/div>\n<div  style='padding-bottom:10px; color:#666666;' class='av-special-heading av-special-heading-h5 custom-color-heading   avia-builder-el-4  el_after_av_one_full  el_before_av_hr  '><h5 class='av-special-heading-tag '  itemprop=\"headline\"  >In den St\u00e4dten und Landkreisen werden eine Vielzahl unterschiedlicher Geb\u00e4ude unterhalten. Hier gilt es sehr differenziert vorzugehen, damit der Betreiber f\u00fcr die spezifischen Einrichtungen die gr\u00f6\u00dftm\u00f6gliche Rechtssicherheit beim Betrieb der Anlage erh\u00e4lt.<\/h5><div class='special-heading-border'><div class='special-heading-inner-border' style='border-color:#666666'><\/div><\/div><\/div>\n<div   class='hr hr-short hr-center   avia-builder-el-5  el_after_av_heading  el_before_av_one_third '><span class='hr-inner ' ><span class='hr-inner-style'><\/span><\/span><\/div>\n<div class=\"flex_column av_one_third  flex_column_div first  avia-builder-el-6  el_after_av_hr  el_before_av_two_third  \" ><div  class='avia-image-container  av-styling-    avia-builder-el-7  avia-builder-el-no-sibling  avia-align-center '  itemprop=\"image\" itemscope=\"itemscope\" itemtype=\"https:\/\/schema.org\/ImageObject\"  ><div class='avia-image-container-inner'><div class='avia-image-overlay-wrap'><img class='avia_image' src='http:\/\/new.gefaehrdungsanalyse.org\/wp-content\/uploads\/2014\/02\/St\u00e4dte-rund.jpg' alt='' title='St\u00e4dte-rund'   itemprop=\"thumbnailUrl\"  \/><\/div><\/div><\/div><\/div>\n<div class=\"flex_column av_two_third  flex_column_div   avia-builder-el-8  el_after_av_one_third  el_before_av_promobox  \" ><section class=\"av_textblock_section \"  itemscope=\"itemscope\" itemtype=\"https:\/\/schema.org\/CreativeWork\" ><div class='avia_textblock  '   itemprop=\"text\" ><p><span class=\"av_dropcap1 \" >I<\/span>n \u00f6ffentlichen Geb\u00e4uden besteht in der Regel eine j\u00e4hrliche Untersuchungspflicht, wenn die Liegenschaften \u00fcber eine zentrale Warmwasseraufbereitung verf\u00fcgen und Duschen oder andere Wasserendstellen befinden, die Aerosole erzeugen k\u00f6nnen. Auch eine dezentrale Warmwassererzeugung f\u00e4llt unter die Untersuchungspflicht, falls die Wassermenge von dem Ausgang Warmwassererzeugers bis hin zur letzten Wasserendstelle mehr als 3Liter Wasservolumen in der Leitungsstrecke hat. Damit sind faktisch alle Kinderg\u00e4rten, Schulen, Heime und sonstige \u00f6ffentliche Einrichtungen erfasst.<\/p>\n<h6>Orte f\u00fcr Kinder und \u00e4ltere Menschen erfordern besondere Ma\u00dfnahmen<\/h6>\n<p>In Kinderg\u00e4rten, Grundschulen, Heimen und sonstigen Einrichtungen mit besonderer F\u00fchrsorgepflicht ist darauf zu achten, dass das Warmwasser an den Endstellen eine maximal zul\u00e4ssige Temperatur von 38\u00b0C nicht \u00fcbersteigt. Dies gilt f\u00fcr Duschen und Wasserh\u00e4hne gleicherma\u00dfen. Bei Duschen l\u00e4sst sich das nur \u00fcber Armaturen mit einem Thermostat ausreichend sicher gew\u00e4hrleisten. Bei den Waschbeckenarmaturen ist noch eine L\u00f6sung \u00fcber einzelgesicherte Armaturen mit Zwangsbeimengung von Kaltwasser zul\u00e4ssig. In allen anderen \u00f6ffentlichen Geb\u00e4uden betr\u00e4gt die vorgeschriebene Verbr\u00fchschutz-Temperatur 42\u00b0C. Die technische Umsetzung kann dann wie oben genannt \u00fcber Zwangsbeimengung oder einen Thermostat f\u00fcr die Duschen erfolgen.<\/p>\n<p>Grunds\u00e4tzlich erh\u00f6ht nat\u00fcrlich diese Vorgabe den Aufwand bei dem Betreiber, falls auf Grund von Verkeimungen eine sogenannte Thermische Desinfektion\/Sp\u00fclung erfolgen muss. Daher sollte bei dem Kauf darauf geachtet werden, dass die Armaturen mit einfachen Handgriffen auch auf maximale Temperaturen ohne Verbr\u00fchschutz umzustellen sind.<\/p>\n<\/div><\/section><\/div>\t<div   class='av_promobox  avia-button-yes   avia-builder-el-10  el_after_av_two_third  avia-builder-el-last '>\t\t<div class='avia-promocontent'><p>\nD\u00fcrfen wir Sie beraten? Senden Sie uns jetzt kostenlos und unverbindlich Ihre Anfrage.<\/p>\n<\/div><div  class='avia-button-wrap avia-button-right ' ><a href='https:\/\/new.gefaehrdungsanalyse.org\/?page_id=3287'  class='avia-button   avia-icon_select-yes-left-icon avia-color-theme-color avia-size-large avia-position-right '   ><span class='avia_button_icon avia_button_icon_left ' aria-hidden='true' data-av_icon='\ue87d' data-av_iconfont='entypo-fontello'><\/span><span class='avia_iconbox_title' >Jetzt beraten lassen<\/span><\/a><\/div><\/div><\/p>\n","protected":false},"excerpt":{"rendered":"","protected":false},"author":1,"featured_media":0,"parent":2969,"menu_order":0,"comment_status":"open","ping_status":"open","template":"","meta":{"_bbp_topic_count":0,"_bbp_reply_count":0,"_bbp_total_topic_count":0,"_bbp_total_reply_count":0,"_bbp_voice_count":0,"_bbp_anonymous_reply_count":0,"_bbp_topic_count_hidden":0,"_bbp_reply_count_hidden":0,"_bbp_forum_subforum_count":0,"footnotes":""},"class_list":["post-3287","page","type-page","status-publish","hentry"],"_links":{"self":[{"href":"https:\/\/new.gefaehrdungsanalyse.org\/index.php?rest_route=\/wp\/v2\/pages\/3287","targetHints":{"allow":["GET"]}}],"collection":[{"href":"https:\/\/new.gefaehrdungsanalyse.org\/index.php?rest_route=\/wp\/v2\/pages"}],"about":[{"href":"https:\/\/new.gefaehrdungsanalyse.org\/index.php?rest_route=\/wp\/v2\/types\/page"}],"author":[{"embeddable":true,"href":"https:\/\/new.gefaehrdungsanalyse.org\/index.php?rest_route=\/wp\/v2\/users\/1"}],"replies":[{"embeddable":true,"href":"https:\/\/new.gefaehrdungsanalyse.org\/index.php?rest_route=%2Fwp%2Fv2%2Fcomments&post=3287"}],"version-history":[{"count":7,"href":"https:\/\/new.gefaehrdungsanalyse.org\/index.php?rest_route=\/wp\/v2\/pages\/3287\/revisions"}],"predecessor-version":[{"id":3605,"href":"https:\/\/new.gefaehrdungsanalyse.org\/index.php?rest_route=\/wp\/v2\/pages\/3287\/revisions\/3605"}],"up":[{"embeddable":true,"href":"https:\/\/new.gefaehrdungsanalyse.org\/index.php?rest_route=\/wp\/v2\/pages\/2969"}],"wp:attachment":[{"href":"https:\/\/new.gefaehrdungsanalyse.org\/index.php?rest_route=%2Fwp%2Fv2%2Fmedia&parent=3287"}],"curies":[{"name":"wp","href":"https:\/\/api.w.org\/{rel}","templated":true}]}}