{"id":3291,"date":"2014-02-16T20:40:53","date_gmt":"2014-02-16T20:40:53","guid":{"rendered":"http:\/\/gefaehrdungsanalyse.org\/?page_id=3291"},"modified":"2025-12-23T12:37:50","modified_gmt":"2025-12-23T12:37:50","slug":"kliniken-und-krankenhaeuser","status":"publish","type":"page","link":"https:\/\/new.gefaehrdungsanalyse.org\/?page_id=3291","title":{"rendered":"Kliniken und Krankenh\u00e4user"},"content":{"rendered":"<div id='layer_slider_1'  class='avia-layerslider main_color avia-shadow  avia-builder-el-0  el_before_av_textblock  avia-builder-el-first  container_wrap sidebar_right' style='  height: 221px; max-width: 1140px; margin: 0 auto;' ><\/div><div id='after_layer_slider_1'  class='main_color av_default_container_wrap container_wrap sidebar_right' style=' '  ><div class='container' ><div class='template-page content  av-content-small alpha units'><div class='post-entry post-entry-type-page post-entry-3291'><div class='entry-content-wrapper clearfix'>\n<section class=\"av_textblock_section \"  itemscope=\"itemscope\" itemtype=\"https:\/\/schema.org\/CreativeWork\" ><div class='avia_textblock  '   itemprop=\"text\" ><h2>KLINIKEN UND KRANKENH\u00c4USER<\/h2>\n<\/div><\/section>\n<div class=\"flex_column av_one_full  flex_column_div first  avia-builder-el-2  el_after_av_textblock  el_before_av_heading  column-top-margin\" ><div  class='avia-image-container  av-styling-    avia-builder-el-3  avia-builder-el-no-sibling  avia-align-left '  itemprop=\"image\" itemscope=\"itemscope\" itemtype=\"https:\/\/schema.org\/ImageObject\"  ><div class='avia-image-container-inner'><div class='avia-image-overlay-wrap'><img class='avia_image' src='http:\/\/new.gefaehrdungsanalyse.org\/wp-content\/uploads\/2014\/02\/krankenhaus-header.jpg' alt='' title='krankenhaus-header'   itemprop=\"thumbnailUrl\"  \/><\/div><\/div><\/div><\/div>\n<div  style='padding-bottom:10px; ' class='av-special-heading av-special-heading-h5    avia-builder-el-4  el_after_av_one_full  el_before_av_hr  '><h5 class='av-special-heading-tag '  itemprop=\"headline\"  >Die Trinkwasserverordnung findet hier zusammen mit der Richtlinie f\u00fcr Krankenh\u00e4user Anwendung. In den hochsensiblen Bereichen (OP-Bereich, Intensivstation etc.) sind die Grenzwerte f\u00fcr Keime deutlich niedriger als in \u00f6ffentlichen Bereichen.<\/h5><div class='special-heading-border'><div class='special-heading-inner-border' ><\/div><\/div><\/div>\n<div   class='hr hr-short hr-center   avia-builder-el-5  el_after_av_heading  el_before_av_one_third '><span class='hr-inner ' ><span class='hr-inner-style'><\/span><\/span><\/div>\n<div class=\"flex_column av_one_third  flex_column_div first  avia-builder-el-6  el_after_av_hr  el_before_av_two_third  \" ><div  class='avia-image-container  av-styling-    avia-builder-el-7  avia-builder-el-no-sibling  avia-align-center '  itemprop=\"image\" itemscope=\"itemscope\" itemtype=\"https:\/\/schema.org\/ImageObject\"  ><div class='avia-image-container-inner'><div class='avia-image-overlay-wrap'><img class='avia_image' src='http:\/\/new.gefaehrdungsanalyse.org\/wp-content\/uploads\/2014\/02\/krankenh\u00e4user-klein.jpg' alt='' title='krankenh\u00e4user-klein'   itemprop=\"thumbnailUrl\"  \/><\/div><\/div><\/div><\/div>\n<div class=\"flex_column av_two_third  flex_column_div   avia-builder-el-8  el_after_av_one_third  el_before_av_promobox  \" ><section class=\"av_textblock_section \"  itemscope=\"itemscope\" itemtype=\"https:\/\/schema.org\/CreativeWork\" ><div class='avia_textblock  '   itemprop=\"text\" ><p>In Krankenh\u00e4usern f\u00fchrt jeglicher Nachweis von Legionellen zu Ma\u00dfnahmen. Je nach Risikoverteilung sind Filter als Erstma\u00dfnahme zum Schutz der Patienten notwendig.<\/p>\n<p>Bei einer systemischen Kontaminierung ist die Einschaltung von Experten und die Erstellung einer Risikoabsch\u00e4tzung zwingend notwendig, um zielf\u00fchrende Ma\u00dfnahmen umsetzen zu k\u00f6nnen.<\/p>\n<p>In den hochsensiblen Bereichen sollte zur Erf\u00fcllung der Betreiberverantwort ggfs. k\u00fcrzere Untersuchungsintervalle erfolgen. Dar\u00fcber hinaus sind in diesen Bereichen versch\u00e4rfte Beprobungen nach Zweck \u201eC\u201c auszuf\u00fchren, um den jeweiligen aktuellen Pflegzustand im endst\u00e4ndigen Bereich ebenfalls zu monitoren.<\/p>\n<\/div><\/section><\/div>\t<div   class='av_promobox  avia-button-yes   avia-builder-el-10  el_after_av_two_third  avia-builder-el-last '>\t\t<div class='avia-promocontent'><p>\nD\u00fcrfen wir Sie beraten? Senden Sie uns jetzt kostenlos und unverbindlich Ihre Anfrage.<\/p>\n<\/div><div  class='avia-button-wrap avia-button-right ' ><a href='https:\/\/new.gefaehrdungsanalyse.org\/?page_id=1167'  class='avia-button   avia-icon_select-yes-left-icon avia-color-theme-color avia-size-large avia-position-right '   ><span class='avia_button_icon avia_button_icon_left ' aria-hidden='true' data-av_icon='\ue87d' data-av_iconfont='entypo-fontello'><\/span><span class='avia_iconbox_title' >Jetzt beraten lassen<\/span><\/a><\/div><\/div><\/p>\n","protected":false},"excerpt":{"rendered":"","protected":false},"author":1,"featured_media":0,"parent":2969,"menu_order":0,"comment_status":"open","ping_status":"open","template":"","meta":{"_bbp_topic_count":0,"_bbp_reply_count":0,"_bbp_total_topic_count":0,"_bbp_total_reply_count":0,"_bbp_voice_count":0,"_bbp_anonymous_reply_count":0,"_bbp_topic_count_hidden":0,"_bbp_reply_count_hidden":0,"_bbp_forum_subforum_count":0,"footnotes":""},"class_list":["post-3291","page","type-page","status-publish","hentry"],"_links":{"self":[{"href":"https:\/\/new.gefaehrdungsanalyse.org\/index.php?rest_route=\/wp\/v2\/pages\/3291","targetHints":{"allow":["GET"]}}],"collection":[{"href":"https:\/\/new.gefaehrdungsanalyse.org\/index.php?rest_route=\/wp\/v2\/pages"}],"about":[{"href":"https:\/\/new.gefaehrdungsanalyse.org\/index.php?rest_route=\/wp\/v2\/types\/page"}],"author":[{"embeddable":true,"href":"https:\/\/new.gefaehrdungsanalyse.org\/index.php?rest_route=\/wp\/v2\/users\/1"}],"replies":[{"embeddable":true,"href":"https:\/\/new.gefaehrdungsanalyse.org\/index.php?rest_route=%2Fwp%2Fv2%2Fcomments&post=3291"}],"version-history":[{"count":8,"href":"https:\/\/new.gefaehrdungsanalyse.org\/index.php?rest_route=\/wp\/v2\/pages\/3291\/revisions"}],"predecessor-version":[{"id":3745,"href":"https:\/\/new.gefaehrdungsanalyse.org\/index.php?rest_route=\/wp\/v2\/pages\/3291\/revisions\/3745"}],"up":[{"embeddable":true,"href":"https:\/\/new.gefaehrdungsanalyse.org\/index.php?rest_route=\/wp\/v2\/pages\/2969"}],"wp:attachment":[{"href":"https:\/\/new.gefaehrdungsanalyse.org\/index.php?rest_route=%2Fwp%2Fv2%2Fmedia&parent=3291"}],"curies":[{"name":"wp","href":"https:\/\/api.w.org\/{rel}","templated":true}]}}