{"id":3359,"date":"2014-02-17T15:21:22","date_gmt":"2014-02-17T15:21:22","guid":{"rendered":"http:\/\/gefaehrdungsanalyse.org\/?page_id=3359"},"modified":"2014-02-24T22:22:51","modified_gmt":"2014-02-24T22:22:51","slug":"gebaeudeuntersuchungen","status":"publish","type":"page","link":"https:\/\/new.gefaehrdungsanalyse.org\/?page_id=3359","title":{"rendered":"Geb\u00e4udeuntersuchungen"},"content":{"rendered":"<div id='layer_slider_1'  class='avia-layerslider main_color avia-shadow  avia-builder-el-0  el_before_av_textblock  avia-builder-el-first  container_wrap sidebar_right' style='  height: 221px; max-width: 1140px; margin: 0 auto;' ><\/div><div id='after_layer_slider_1'  class='main_color av_default_container_wrap container_wrap sidebar_right' style=' '  ><div class='container' ><div class='template-page content  av-content-small alpha units'><div class='post-entry post-entry-type-page post-entry-3359'><div class='entry-content-wrapper clearfix'>\n<section class=\"av_textblock_section \"  itemscope=\"itemscope\" itemtype=\"https:\/\/schema.org\/CreativeWork\" ><div class='avia_textblock  '   itemprop=\"text\" ><h2>GEB\u00c4UDEUNTERSUCHUNGEN<\/h2>\n<\/div><\/section>\n<div  style='padding-bottom:10px; color:#6666666;' class='av-special-heading av-special-heading-h5 custom-color-heading   avia-builder-el-2  el_after_av_textblock  el_before_av_hr  '><h5 class='av-special-heading-tag '  itemprop=\"headline\"  >Nur wenn Geb\u00e4ude nach den allgemein anerkannten Regeln der Technik und bestimmungsgem\u00e4\u00df betrieben werden, lassen sich Keimherde in Zukunft nachhaltig vermeiden. Die meisten Konstaminationen sind auf fehlerhafte Installationen, nicht systemkonforme Parameter sowie auf eine erh\u00f6hte Wasserstagnation zur\u00fcckzuf\u00fchren.<\/h5><div class='special-heading-border'><div class='special-heading-inner-border' style='border-color:#6666666'><\/div><\/div><\/div>\n<div   class='hr hr-short hr-center   avia-builder-el-3  el_after_av_heading  el_before_av_one_third '><span class='hr-inner ' ><span class='hr-inner-style'><\/span><\/span><\/div>\n<div class=\"flex_column av_one_third  flex_column_div first  avia-builder-el-4  el_after_av_hr  el_before_av_two_third  \" ><div  class='avia-image-container  av-styling-    avia-builder-el-5  avia-builder-el-no-sibling  avia-align-center '  itemprop=\"image\" itemscope=\"itemscope\" itemtype=\"https:\/\/schema.org\/ImageObject\"  ><div class='avia-image-container-inner'><div class='avia-image-overlay-wrap'><img class='avia_image' src='http:\/\/new.gefaehrdungsanalyse.org\/wp-content\/uploads\/2014\/02\/geb\u00e4udeuntersuchungen-klein.jpg' alt='' title='geb\u00e4udeuntersuchungen-klein'   itemprop=\"thumbnailUrl\"  \/><\/div><\/div><\/div><\/div>\n<div class=\"flex_column av_two_third  flex_column_div   avia-builder-el-6  el_after_av_one_third  el_before_av_promobox  \" ><section class=\"av_textblock_section \"  itemscope=\"itemscope\" itemtype=\"https:\/\/schema.org\/CreativeWork\" ><div class='avia_textblock  '   itemprop=\"text\" ><p><span class=\"av_dropcap1 \" >W<\/span>ir untersuchen Ihre Geb\u00e4udeinstallation vor Ort auf m\u00f6gliche Schwachstellen und pr\u00fcfen die Einhaltung der notwendigen DIN und EN-Normen. In einem detaillierten Report mit bildlicher Dokumentation und klaren Vorgaben werden die Risiken und notwendigen Ma\u00dfnahmen nach Priorit\u00e4ten aufgezeigt. So erhalten Sie gr\u00f6\u00dftm\u00f6gliche Rechtssicherheit und minimieren die Risiken einer strafrechtlichen Verfolgung und von Schadensersatzanspr\u00fcche durch Dritte.<\/p>\n<p>F\u00fcr Kommunen, Wohnungsbautr\u00e4ger, Industriefirmen, Hotels usw. f\u00fchren wir die \u00dcberpr\u00fcfung der Warmwasseranlagen durch. Dadurch erh\u00e4lt der Betreiber eine neutrale und rechtssichere Aussage zu dem Zustand seiner Anlage und zu den ggfs. notwendigen Ver\u00e4nderungen, damit diese den gesetzlichen Vorgaben entspricht. Die schriftliche Dokumentation mit entsprechenden Bildern und Empfehlungen dient dann als Grundlage f\u00fcr den Hausinstallateur des Betreibers, die Ma\u00dfnahmen umzusetzen.<\/p>\n<\/div><\/section><\/div>\t<div   class='av_promobox  avia-button-yes   avia-builder-el-8  el_after_av_two_third  avia-builder-el-last '>\t\t<div class='avia-promocontent'><p>\nD\u00fcrfen wir Sie beraten? Senden Sie uns jetzt kostenlos und unverbindlich Ihre Anfrage.<\/p>\n<\/div><div  class='avia-button-wrap avia-button-right ' ><a href='https:\/\/new.gefaehrdungsanalyse.org\/?page_id=1167'  class='avia-button   avia-icon_select-yes-left-icon avia-color-theme-color avia-size-large avia-position-right '   ><span class='avia_button_icon avia_button_icon_left ' aria-hidden='true' data-av_icon='\ue87d' data-av_iconfont='entypo-fontello'><\/span><span class='avia_iconbox_title' >Jetzt beraten lassen<\/span><\/a><\/div><\/div><\/p>\n","protected":false},"excerpt":{"rendered":"","protected":false},"author":1,"featured_media":0,"parent":3007,"menu_order":0,"comment_status":"open","ping_status":"open","template":"","meta":{"_bbp_topic_count":0,"_bbp_reply_count":0,"_bbp_total_topic_count":0,"_bbp_total_reply_count":0,"_bbp_voice_count":0,"_bbp_anonymous_reply_count":0,"_bbp_topic_count_hidden":0,"_bbp_reply_count_hidden":0,"_bbp_forum_subforum_count":0,"footnotes":""},"class_list":["post-3359","page","type-page","status-publish","hentry"],"_links":{"self":[{"href":"https:\/\/new.gefaehrdungsanalyse.org\/index.php?rest_route=\/wp\/v2\/pages\/3359","targetHints":{"allow":["GET"]}}],"collection":[{"href":"https:\/\/new.gefaehrdungsanalyse.org\/index.php?rest_route=\/wp\/v2\/pages"}],"about":[{"href":"https:\/\/new.gefaehrdungsanalyse.org\/index.php?rest_route=\/wp\/v2\/types\/page"}],"author":[{"embeddable":true,"href":"https:\/\/new.gefaehrdungsanalyse.org\/index.php?rest_route=\/wp\/v2\/users\/1"}],"replies":[{"embeddable":true,"href":"https:\/\/new.gefaehrdungsanalyse.org\/index.php?rest_route=%2Fwp%2Fv2%2Fcomments&post=3359"}],"version-history":[{"count":9,"href":"https:\/\/new.gefaehrdungsanalyse.org\/index.php?rest_route=\/wp\/v2\/pages\/3359\/revisions"}],"predecessor-version":[{"id":3597,"href":"https:\/\/new.gefaehrdungsanalyse.org\/index.php?rest_route=\/wp\/v2\/pages\/3359\/revisions\/3597"}],"up":[{"embeddable":true,"href":"https:\/\/new.gefaehrdungsanalyse.org\/index.php?rest_route=\/wp\/v2\/pages\/3007"}],"wp:attachment":[{"href":"https:\/\/new.gefaehrdungsanalyse.org\/index.php?rest_route=%2Fwp%2Fv2%2Fmedia&parent=3359"}],"curies":[{"name":"wp","href":"https:\/\/api.w.org\/{rel}","templated":true}]}}