{"id":734,"date":"2013-04-01T15:37:54","date_gmt":"2013-04-01T15:37:54","guid":{"rendered":"http:\/\/www.kriesi.at\/themes\/enfold\/?page_id=734"},"modified":"2025-12-14T13:25:52","modified_gmt":"2025-12-14T13:25:52","slug":"homepage","status":"publish","type":"page","link":"https:\/\/new.gefaehrdungsanalyse.org\/","title":{"rendered":"Startseite"},"content":{"rendered":"<div id='layer_slider_1'  class='avia-layerslider main_color avia-shadow  avia-builder-el-0  el_before_av_section  avia-builder-el-first  container_wrap sidebar_right' style='  height: 471px; max-width: 1140px; margin: 0 auto;' ><\/div>\n<div id='av_section_1'  class='avia-section main_color avia-section-default avia-no-shadow  avia-bg-style-scroll  avia-builder-el-1  el_after_av_layerslider  el_before_av_one_third   container_wrap sidebar_right' style='background-color: #b22929;  '  ><div class='container' ><div class='template-page content  av-content-small alpha units'><div class='post-entry post-entry-type-page post-entry-734'><div class='entry-content-wrapper clearfix'>\n<div class=\"flex_column av_one_full  flex_column_div first  avia-builder-el-2  avia-builder-el-no-sibling  \" ><p><div  style='padding-bottom:18px; color:#ffffff;font-size:34px;' class='av-special-heading av-special-heading-h1 custom-color-heading blockquote modern-quote modern-centered  avia-builder-el-3  el_before_av_button  avia-builder-el-first  av-inherit-size '><h1 class='av-special-heading-tag '  itemprop=\"headline\"  >TRINKWASSERHYGIENE VOM EXPERTEN.<\/h1><div class ='av-subheading av-subheading_below av_custom_color ' style='font-size:16px;'><p>Wir sind Ihr kompetenter Partner f\u00fcr die Geb\u00e4ude\u00fcberpr\u00fcfung und Beprobung von Trinkwasseranlagen.<\/p>\n<\/div><div class='special-heading-border'><div class='special-heading-inner-border' style='border-color:#ffffff'><\/div><\/div><\/div><br \/>\n<div  class='avia-button-wrap avia-button-center  avia-builder-el-4  el_after_av_heading  avia-builder-el-last ' ><a href='https:\/\/new.gefaehrdungsanalyse.org\/?page_id=3007'  class='avia-button   avia-icon_select-yes-left-icon avia-color-custom avia-size-large avia-position-center '  style='background-color:#ce4c4c; border-color:#ce4c4c; color:#ffffff; ' ><span class='avia_button_icon avia_button_icon_left ' aria-hidden='true' data-av_icon='\ue87d' data-av_iconfont='entypo-fontello'><\/span><span class='avia_iconbox_title' >zu unserem Leistungsspektrum<\/span><\/a><\/div><\/p><\/div>\n<\/div><\/div><\/div><!-- close content main div --><\/div><\/div><div id='after_section_1'  class='main_color av_default_container_wrap container_wrap sidebar_right' style=' '  ><div class='container' ><div class='template-page content  av-content-small alpha units'><div class='post-entry post-entry-type-page post-entry-734'><div class='entry-content-wrapper clearfix'>\n<div class=\"flex_column av_one_third  flex_column_div first  avia-builder-el-5  el_after_av_section  el_before_av_one_third  avia-builder-el-first  \" ><p><div  style='padding-bottom:10px; color:#ba2a2a;font-size:20px;' class='av-special-heading av-special-heading-h2 custom-color-heading blockquote modern-quote  avia-builder-el-6  el_before_av_image  avia-builder-el-first  av-inherit-size '><h2 class='av-special-heading-tag '  itemprop=\"headline\"  >LEGIONELLEN<\/h2><div class='special-heading-border'><div class='special-heading-inner-border' style='border-color:#ba2a2a'><\/div><\/div><\/div><br \/>\n<div  class='avia-image-container  av-styling-    avia-builder-el-7  el_after_av_heading  el_before_av_hr  avia-align-left '  itemprop=\"image\" itemscope=\"itemscope\" itemtype=\"https:\/\/schema.org\/ImageObject\"  ><div class='avia-image-container-inner'><div class='avia-image-overlay-wrap'><a href='https:\/\/new.gefaehrdungsanalyse.org\/?page_id=3109' class='avia_image'  ><img class='avia_image ' src='https:\/\/new.gefaehrdungsanalyse.org\/wp-content\/uploads\/2025\/12\/legionellen2-300x120.jpg' alt='' title='legionellen2'  itemprop=\"thumbnailUrl\"  \/><\/a><\/div><\/div><\/div><br \/>\n<div  style='height:1px; margin-top:0px'  class='hr hr-invisible   avia-builder-el-8  el_after_av_image  el_before_av_textblock '><span class='hr-inner ' ><span class='hr-inner-style'><\/span><\/span><\/div><br \/>\n<section class=\"av_textblock_section \"  itemscope=\"itemscope\" itemtype=\"https:\/\/schema.org\/CreativeWork\" ><div class='avia_textblock  '   itemprop=\"text\" ><p>Legionellen im Trinkwasser stellen eine gro\u00dfe Gefahr f\u00fcr die menschliche Gesundheit dar. Hier k\u00f6nnen Sie alles Wissenswerte \u00fcber dieses Thema erfahren.<\/p>\n<\/div><\/section><br \/>\n<div  class='avia-button-wrap avia-button-left  avia-builder-el-10  el_after_av_textblock  avia-builder-el-last ' ><a href='https:\/\/new.gefaehrdungsanalyse.org\/?page_id=3109'  class='avia-button   avia-icon_select-yes-left-icon avia-color-theme-color-subtle avia-size-small avia-position-left '   ><span class='avia_button_icon avia_button_icon_left ' aria-hidden='true' data-av_icon='\ue87d' data-av_iconfont='entypo-fontello'><\/span><span class='avia_iconbox_title' >mehr erfahren<\/span><\/a><\/div><\/p><\/div>\n<div class=\"flex_column av_one_third  flex_column_div   avia-builder-el-11  el_after_av_one_third  el_before_av_one_third  \" ><p><div  style='padding-bottom:10px; color:#ba2a2a;font-size:20px;' class='av-special-heading av-special-heading-h2 custom-color-heading blockquote modern-quote  avia-builder-el-12  el_before_av_image  avia-builder-el-first  av-inherit-size '><h2 class='av-special-heading-tag '  itemprop=\"headline\"  >TRINWASSERVERORDNUNG<\/h2><div class='special-heading-border'><div class='special-heading-inner-border' style='border-color:#ba2a2a'><\/div><\/div><\/div><br \/>\n<div  class='avia-image-container  av-styling-    avia-builder-el-13  el_after_av_heading  el_before_av_hr  avia-align-left '  itemprop=\"image\" itemscope=\"itemscope\" itemtype=\"https:\/\/schema.org\/ImageObject\"  ><div class='avia-image-container-inner'><div class='avia-image-overlay-wrap'><a href='https:\/\/new.gefaehrdungsanalyse.org\/?page_id=3111' class='avia_image'  ><img class='avia_image ' src='https:\/\/new.gefaehrdungsanalyse.org\/wp-content\/uploads\/2014\/02\/trinkwasser-teaser-300x120.jpg' alt='' title='trinkwasser-teaser'  itemprop=\"thumbnailUrl\"  \/><\/a><\/div><\/div><\/div><br \/>\n<div  style='height:1px; margin-top:0px'  class='hr hr-invisible   avia-builder-el-14  el_after_av_image  el_before_av_textblock '><span class='hr-inner ' ><span class='hr-inner-style'><\/span><\/span><\/div><br \/>\n<section class=\"av_textblock_section \"  itemscope=\"itemscope\" itemtype=\"https:\/\/schema.org\/CreativeWork\" ><div class='avia_textblock  '   itemprop=\"text\" ><p>Erfahren Sie alles \u00fcber die neue Trinkwasserverordnung und welche Rechte und Pflichten Sie als Betreiber einer Trinkwasseranlage erf\u00fcllen m\u00fcssen.<\/p>\n<\/div><\/section><br \/>\n<div  class='avia-button-wrap avia-button-left  avia-builder-el-16  el_after_av_textblock  avia-builder-el-last ' ><a href='https:\/\/new.gefaehrdungsanalyse.org\/?page_id=3111'  class='avia-button   avia-icon_select-yes-left-icon avia-color-theme-color-subtle avia-size-small avia-position-left '   ><span class='avia_button_icon avia_button_icon_left ' aria-hidden='true' data-av_icon='\ue87d' data-av_iconfont='entypo-fontello'><\/span><span class='avia_iconbox_title' >mehr erfahren<\/span><\/a><\/div><\/p><\/div><div class=\"flex_column av_one_third  flex_column_div   avia-builder-el-17  el_after_av_one_third  avia-builder-el-last  \" ><p><div  style='padding-bottom:10px; color:#ba2a2a;font-size:20px;' class='av-special-heading av-special-heading-h2 custom-color-heading blockquote modern-quote  avia-builder-el-18  el_before_av_image  avia-builder-el-first  av-inherit-size '><h2 class='av-special-heading-tag '  itemprop=\"headline\"  >SPEZIELLE L\u00d6SUNGEN<\/h2><div class='special-heading-border'><div class='special-heading-inner-border' style='border-color:#ba2a2a'><\/div><\/div><\/div><br \/>\n<div  class='avia-image-container  av-styling-    avia-builder-el-19  el_after_av_heading  el_before_av_hr  avia-align-left '  itemprop=\"image\" itemscope=\"itemscope\" itemtype=\"https:\/\/schema.org\/ImageObject\"  ><div class='avia-image-container-inner'><div class='avia-image-overlay-wrap'><a href='https:\/\/new.gefaehrdungsanalyse.org\/?page_id=2969' class='avia_image'  ><img class='avia_image ' src='https:\/\/new.gefaehrdungsanalyse.org\/wp-content\/uploads\/2014\/02\/geb\u00e4udeuntersuchen-Teaser-300x120.jpg' alt='' title='geb\u00e4udeuntersuchen-Teaser'  itemprop=\"thumbnailUrl\"  \/><\/a><\/div><\/div><\/div><br \/>\n<div  style='height:1px; margin-top:0px'  class='hr hr-invisible   avia-builder-el-20  el_after_av_image  el_before_av_textblock '><span class='hr-inner ' ><span class='hr-inner-style'><\/span><\/span><\/div><br \/>\n<section class=\"av_textblock_section \"  itemscope=\"itemscope\" itemtype=\"https:\/\/schema.org\/CreativeWork\" ><div class='avia_textblock  '   itemprop=\"text\" ><p>Spezielle Anforderungen, spezielle L\u00f6sungen. Wir f\u00fchren Gef\u00e4hrdungsanalysen und \u00dcberpr\u00fcfungen von Warmwasseranlagen durch, egal ob f\u00fcr Kliniken, Kommunen, Wohnungsbautr\u00e4ger, Hotels oder andere.<\/p>\n<\/div><\/section><br \/>\n<div  class='avia-button-wrap avia-button-left  avia-builder-el-22  el_after_av_textblock  avia-builder-el-last ' ><a href='https:\/\/new.gefaehrdungsanalyse.org\/?page_id=2969'  class='avia-button   avia-icon_select-yes-left-icon avia-color-theme-color-subtle avia-size-small avia-position-left '   ><span class='avia_button_icon avia_button_icon_left ' aria-hidden='true' data-av_icon='\ue87d' data-av_iconfont='entypo-fontello'><\/span><span class='avia_iconbox_title' >mehr erfahren<\/span><\/a><\/div><\/p><\/div><\/p>\n","protected":false},"excerpt":{"rendered":"<p>This is a Page excerpt. It will be displayed for search results<\/p>\n","protected":false},"author":1,"featured_media":0,"parent":0,"menu_order":0,"comment_status":"open","ping_status":"open","template":"","meta":{"_bbp_topic_count":0,"_bbp_reply_count":0,"_bbp_total_topic_count":0,"_bbp_total_reply_count":0,"_bbp_voice_count":0,"_bbp_anonymous_reply_count":0,"_bbp_topic_count_hidden":0,"_bbp_reply_count_hidden":0,"_bbp_forum_subforum_count":0,"footnotes":""},"class_list":["post-734","page","type-page","status-publish","hentry"],"_links":{"self":[{"href":"https:\/\/new.gefaehrdungsanalyse.org\/index.php?rest_route=\/wp\/v2\/pages\/734","targetHints":{"allow":["GET"]}}],"collection":[{"href":"https:\/\/new.gefaehrdungsanalyse.org\/index.php?rest_route=\/wp\/v2\/pages"}],"about":[{"href":"https:\/\/new.gefaehrdungsanalyse.org\/index.php?rest_route=\/wp\/v2\/types\/page"}],"author":[{"embeddable":true,"href":"https:\/\/new.gefaehrdungsanalyse.org\/index.php?rest_route=\/wp\/v2\/users\/1"}],"replies":[{"embeddable":true,"href":"https:\/\/new.gefaehrdungsanalyse.org\/index.php?rest_route=%2Fwp%2Fv2%2Fcomments&post=734"}],"version-history":[{"count":54,"href":"https:\/\/new.gefaehrdungsanalyse.org\/index.php?rest_route=\/wp\/v2\/pages\/734\/revisions"}],"predecessor-version":[{"id":3683,"href":"https:\/\/new.gefaehrdungsanalyse.org\/index.php?rest_route=\/wp\/v2\/pages\/734\/revisions\/3683"}],"wp:attachment":[{"href":"https:\/\/new.gefaehrdungsanalyse.org\/index.php?rest_route=%2Fwp%2Fv2%2Fmedia&parent=734"}],"curies":[{"name":"wp","href":"https:\/\/api.w.org\/{rel}","templated":true}]}}